{"id":519,"date":"2024-01-24T16:50:45","date_gmt":"2024-01-24T15:50:45","guid":{"rendered":"http:\/\/gearfm.gay\/?page_id=519"},"modified":"2025-11-08T16:58:57","modified_gmt":"2025-11-08T15:58:57","slug":"imprint","status":"publish","type":"page","link":"https:\/\/gearfm.gay\/en\/imprint\/","title":{"rendered":"Imprint"},"content":{"rendered":"<h1>Impressum<\/h1>\n<h2 id=\"m46\">Diensteanbieter<\/h2>\n<p>GearFM n. e.V.<br \/>\n\u2105 Simon M\u00fcller (Rubberslaveboy_1991)<br \/>\nMirandolaweg 7<br \/>\n73760 Ostfildern<br \/>\nGERMANY<\/p>\n<h2 id=\"m56\">Kontaktm\u00f6glichkeiten<\/h2>\n<p>E-Mail-Adresse: info @ gearfm . de<\/p>\n<h2 id=\"m154\">Journalistisch-redaktionelle Angebote<\/h2>\n<p>Inhaltlich verantwortlich: Simon M.<\/p>\n<h2 id=\"m172\">Social Media und andere Onlinepr\u00e4senzen<\/h2>\n<p>Dieses Impressum gilt auch f\u00fcr die folgenden Social-Media-Pr\u00e4senzen und Onlineprofile:<\/p>\n<p><a href=\"https:\/\/instagram.com\/gear.fm\" target=\"_blank\" rel=\"noopener\">https:\/\/instagram.com\/gear.fm<\/a><\/p>\n<p><a href=\"https:\/\/gearfm.bsky.social\">https:\/\/gearfm.bsky.social<\/a><\/p>\n<h2 id=\"m65\">Haftungs- und Schutzrechtshinweise<\/h2>\n<p>Links auf fremde Webseiten: Die Inhalte fremder Webseiten, auf die wir direkt oder indirekt verweisen, liegen au\u00dferhalb unseres Verantwortungsbereiches und wir machen sie uns nicht zu Eigen. F\u00fcr alle Inhalte und Nachteile, die aus der Nutzung der in den verlinkten Webseiten aufrufbaren Informationen entstehen, \u00fcbernehmen wir keine Verantwortung.<\/p>\n<h2 id=\"m169\">Bildnachweise<\/h2>\n<p>Bildquellen und Urheberrechtshinweise:<\/p>\n<p>Bildquellen<\/p>\n<p class=\"seal\"><a title=\"Rechtstext von Dr. Schwenke - f\u00fcr weitere Informationen bitte anklicken.\" href=\"https:\/\/datenschutz-generator.de\/\" target=\"_blank\" rel=\"noopener noreferrer nofollow\">Erstellt mit kostenlosem Datenschutz-Generator.de von Dr. Thomas Schwenke<\/a><\/p>","protected":false},"excerpt":{"rendered":"<p>Impressum Diensteanbieter GearFM n. e.V. \u2105 Simon M\u00fcller (Rubberslaveboy_1991) Mirandolaweg 7 73760 Ostfildern GERMANY Kontaktm\u00f6glichkeiten E-Mail-Adresse: info @ gearfm . de Journalistisch-redaktionelle Angebote Inhaltlich verantwortlich: Simon M. Social Media und andere Onlinepr\u00e4senzen Dieses Impressum gilt auch f\u00fcr die folgenden Social-Media-Pr\u00e4senzen und Onlineprofile: https:\/\/instagram.com\/gear.fm https:\/\/gearfm.bsky.social Haftungs- und Schutzrechtshinweise Links auf fremde ...<\/p>","protected":false},"author":1,"featured_media":0,"parent":0,"menu_order":0,"comment_status":"closed","ping_status":"closed","template":"","meta":{"inline_featured_image":false,"footnotes":""},"class_list":["post-519","page","type-page","status-publish","hentry"],"yoast_head":"<!-- This site is optimized with the Yoast SEO plugin v27.3 - https:\/\/yoast.com\/product\/yoast-seo-wordpress\/ -->\n<title>Imprint - GearFM<\/title>\n<meta name=\"robots\" content=\"index, follow, max-snippet:-1, max-image-preview:large, max-video-preview:-1\" \/>\n<link rel=\"canonical\" href=\"https:\/\/gearfm.gay\/en\/imprint\/\" \/>\n<meta property=\"og:locale\" content=\"en_US\" \/>\n<meta property=\"og:type\" content=\"article\" \/>\n<meta property=\"og:title\" content=\"Imprint - GearFM\" \/>\n<meta property=\"og:description\" content=\"Impressum Diensteanbieter GearFM n. e.V. \u2105 Simon M\u00fcller (Rubberslaveboy_1991) Mirandolaweg 7 73760 Ostfildern GERMANY Kontaktm\u00f6glichkeiten E-Mail-Adresse: info @ gearfm . de Journalistisch-redaktionelle Angebote Inhaltlich verantwortlich: Simon M. Social Media und andere Onlinepr\u00e4senzen Dieses Impressum gilt auch f\u00fcr die folgenden Social-Media-Pr\u00e4senzen und Onlineprofile: https:\/\/instagram.com\/gear.fm https:\/\/gearfm.bsky.social Haftungs- und Schutzrechtshinweise Links auf fremde [...]\" \/>\n<meta property=\"og:url\" content=\"https:\/\/gearfm.gay\/en\/imprint\/\" \/>\n<meta property=\"og:site_name\" content=\"GearFM\" \/>\n<meta property=\"article:modified_time\" content=\"2025-11-08T15:58:57+00:00\" \/>\n<meta name=\"twitter:card\" content=\"summary_large_image\" \/>\n<meta name=\"twitter:label1\" content=\"Est. reading time\" \/>\n\t<meta name=\"twitter:data1\" content=\"1 minute\" \/>\n<script type=\"application\/ld+json\" class=\"yoast-schema-graph\">{\"@context\":\"https:\\\/\\\/schema.org\",\"@graph\":[{\"@type\":\"WebPage\",\"@id\":\"https:\\\/\\\/gearfm.gay\\\/imprint\\\/\",\"url\":\"https:\\\/\\\/gearfm.gay\\\/imprint\\\/\",\"name\":\"Imprint - GearFM\",\"isPartOf\":{\"@id\":\"https:\\\/\\\/gearfm.gay\\\/#website\"},\"datePublished\":\"2024-01-24T15:50:45+00:00\",\"dateModified\":\"2025-11-08T15:58:57+00:00\",\"breadcrumb\":{\"@id\":\"https:\\\/\\\/gearfm.gay\\\/imprint\\\/#breadcrumb\"},\"inLanguage\":\"en-US\",\"potentialAction\":[{\"@type\":\"ReadAction\",\"target\":[\"https:\\\/\\\/gearfm.gay\\\/imprint\\\/\"]}]},{\"@type\":\"BreadcrumbList\",\"@id\":\"https:\\\/\\\/gearfm.gay\\\/imprint\\\/#breadcrumb\",\"itemListElement\":[{\"@type\":\"ListItem\",\"position\":1,\"name\":\"Startseite\",\"item\":\"https:\\\/\\\/gearfm.gay\\\/\"},{\"@type\":\"ListItem\",\"position\":2,\"name\":\"Imprint\"}]},{\"@type\":\"WebSite\",\"@id\":\"https:\\\/\\\/gearfm.gay\\\/#website\",\"url\":\"https:\\\/\\\/gearfm.gay\\\/\",\"name\":\"GearFM\",\"description\":\"The Gearhead Radio\",\"publisher\":{\"@id\":\"https:\\\/\\\/gearfm.gay\\\/#organization\"},\"potentialAction\":[{\"@type\":\"SearchAction\",\"target\":{\"@type\":\"EntryPoint\",\"urlTemplate\":\"https:\\\/\\\/gearfm.gay\\\/?s={search_term_string}\"},\"query-input\":{\"@type\":\"PropertyValueSpecification\",\"valueRequired\":true,\"valueName\":\"search_term_string\"}}],\"inLanguage\":\"en-US\"},{\"@type\":\"Organization\",\"@id\":\"https:\\\/\\\/gearfm.gay\\\/#organization\",\"name\":\"GearFM\",\"url\":\"https:\\\/\\\/gearfm.gay\\\/\",\"logo\":{\"@type\":\"ImageObject\",\"inLanguage\":\"en-US\",\"@id\":\"https:\\\/\\\/gearfm.gay\\\/#\\\/schema\\\/logo\\\/image\\\/\",\"url\":\"https:\\\/\\\/gearfm.gay\\\/wp-content\\\/uploads\\\/2024\\\/07\\\/Element-3-4.png\",\"contentUrl\":\"https:\\\/\\\/gearfm.gay\\\/wp-content\\\/uploads\\\/2024\\\/07\\\/Element-3-4.png\",\"width\":2449,\"height\":1381,\"caption\":\"GearFM\"},\"image\":{\"@id\":\"https:\\\/\\\/gearfm.gay\\\/#\\\/schema\\\/logo\\\/image\\\/\"}}]}<\/script>\n<!-- \/ Yoast SEO plugin. -->","yoast_head_json":{"title":"Imprint - GearFM","robots":{"index":"index","follow":"follow","max-snippet":"max-snippet:-1","max-image-preview":"max-image-preview:large","max-video-preview":"max-video-preview:-1"},"canonical":"https:\/\/gearfm.gay\/en\/imprint\/","og_locale":"en_US","og_type":"article","og_title":"Imprint - GearFM","og_description":"Impressum Diensteanbieter GearFM n. e.V. \u2105 Simon M\u00fcller (Rubberslaveboy_1991) Mirandolaweg 7 73760 Ostfildern GERMANY Kontaktm\u00f6glichkeiten E-Mail-Adresse: info @ gearfm . de Journalistisch-redaktionelle Angebote Inhaltlich verantwortlich: Simon M. Social Media und andere Onlinepr\u00e4senzen Dieses Impressum gilt auch f\u00fcr die folgenden Social-Media-Pr\u00e4senzen und Onlineprofile: https:\/\/instagram.com\/gear.fm https:\/\/gearfm.bsky.social Haftungs- und Schutzrechtshinweise Links auf fremde [...]","og_url":"https:\/\/gearfm.gay\/en\/imprint\/","og_site_name":"GearFM","article_modified_time":"2025-11-08T15:58:57+00:00","twitter_card":"summary_large_image","twitter_misc":{"Est. reading time":"1 minute"},"schema":{"@context":"https:\/\/schema.org","@graph":[{"@type":"WebPage","@id":"https:\/\/gearfm.gay\/imprint\/","url":"https:\/\/gearfm.gay\/imprint\/","name":"Imprint - GearFM","isPartOf":{"@id":"https:\/\/gearfm.gay\/#website"},"datePublished":"2024-01-24T15:50:45+00:00","dateModified":"2025-11-08T15:58:57+00:00","breadcrumb":{"@id":"https:\/\/gearfm.gay\/imprint\/#breadcrumb"},"inLanguage":"en-US","potentialAction":[{"@type":"ReadAction","target":["https:\/\/gearfm.gay\/imprint\/"]}]},{"@type":"BreadcrumbList","@id":"https:\/\/gearfm.gay\/imprint\/#breadcrumb","itemListElement":[{"@type":"ListItem","position":1,"name":"Startseite","item":"https:\/\/gearfm.gay\/"},{"@type":"ListItem","position":2,"name":"Imprint"}]},{"@type":"WebSite","@id":"https:\/\/gearfm.gay\/#website","url":"https:\/\/gearfm.gay\/","name":"GearFM","description":"The Gearhead Radio","publisher":{"@id":"https:\/\/gearfm.gay\/#organization"},"potentialAction":[{"@type":"SearchAction","target":{"@type":"EntryPoint","urlTemplate":"https:\/\/gearfm.gay\/?s={search_term_string}"},"query-input":{"@type":"PropertyValueSpecification","valueRequired":true,"valueName":"search_term_string"}}],"inLanguage":"en-US"},{"@type":"Organization","@id":"https:\/\/gearfm.gay\/#organization","name":"GearFM","url":"https:\/\/gearfm.gay\/","logo":{"@type":"ImageObject","inLanguage":"en-US","@id":"https:\/\/gearfm.gay\/#\/schema\/logo\/image\/","url":"https:\/\/gearfm.gay\/wp-content\/uploads\/2024\/07\/Element-3-4.png","contentUrl":"https:\/\/gearfm.gay\/wp-content\/uploads\/2024\/07\/Element-3-4.png","width":2449,"height":1381,"caption":"GearFM"},"image":{"@id":"https:\/\/gearfm.gay\/#\/schema\/logo\/image\/"}}]}},"_links":{"self":[{"href":"https:\/\/gearfm.gay\/en\/wp-json\/wp\/v2\/pages\/519","targetHints":{"allow":["GET"]}}],"collection":[{"href":"https:\/\/gearfm.gay\/en\/wp-json\/wp\/v2\/pages"}],"about":[{"href":"https:\/\/gearfm.gay\/en\/wp-json\/wp\/v2\/types\/page"}],"author":[{"embeddable":true,"href":"https:\/\/gearfm.gay\/en\/wp-json\/wp\/v2\/users\/1"}],"replies":[{"embeddable":true,"href":"https:\/\/gearfm.gay\/en\/wp-json\/wp\/v2\/comments?post=519"}],"version-history":[{"count":8,"href":"https:\/\/gearfm.gay\/en\/wp-json\/wp\/v2\/pages\/519\/revisions"}],"predecessor-version":[{"id":6367,"href":"https:\/\/gearfm.gay\/en\/wp-json\/wp\/v2\/pages\/519\/revisions\/6367"}],"wp:attachment":[{"href":"https:\/\/gearfm.gay\/en\/wp-json\/wp\/v2\/media?parent=519"}],"curies":[{"name":"wp","href":"https:\/\/api.w.org\/{rel}","templated":true}]}}