{"id":4943,"date":"2025-04-03T15:15:59","date_gmt":"2025-04-03T13:15:59","guid":{"rendered":"https:\/\/gearfm.gay\/?page_id=4943"},"modified":"2025-04-03T16:52:00","modified_gmt":"2025-04-03T14:52:00","slug":"partner-werden","status":"publish","type":"page","link":"https:\/\/gearfm.gay\/en\/about-us\/partner\/partner-werden\/","title":{"rendered":"Become a partner"},"content":{"rendered":"<div data-elementor-type=\"wp-page\" data-elementor-id=\"4943\" class=\"elementor elementor-4943\" data-elementor-post-type=\"page\">\n\t\t\t\t\t\t<section class=\"elementor-section elementor-top-section elementor-element elementor-element-b2474e0 elementor-section-boxed elementor-section-height-default elementor-section-height-default\" data-id=\"b2474e0\" data-element_type=\"section\" data-e-type=\"section\">\n\t\t\t\t\t\t<div class=\"elementor-container elementor-column-gap-default\">\n\t\t\t\t\t<div class=\"elementor-column elementor-col-100 elementor-top-column elementor-element elementor-element-d0a63c5\" data-id=\"d0a63c5\" data-element_type=\"column\" data-e-type=\"column\">\n\t\t\t<div class=\"elementor-widget-wrap elementor-element-populated\">\n\t\t\t\t\t\t<div class=\"elementor-element elementor-element-314d923 elementor-widget elementor-widget-heading\" data-id=\"314d923\" data-element_type=\"widget\" data-e-type=\"widget\" data-widget_type=\"heading.default\">\n\t\t\t\t\t<h1 class=\"elementor-heading-title elementor-size-default\">Partnerschaften<\/h1>\t\t\t\t<\/div>\n\t\t\t\t<div class=\"elementor-element elementor-element-8598dcd elementor-widget elementor-widget-text-editor\" data-id=\"8598dcd\" data-element_type=\"widget\" data-e-type=\"widget\" data-widget_type=\"text-editor.default\">\n\t\t\t\t\t\t\t\t\t<p><strong>GearFM \u2013 The Gearhead Radio!<\/strong> ist das unabh\u00e4ngige und nicht-kommerzielle Internetradio f\u00fcr die Fetisch-Community. Wir verstehen uns als zentraler Treffpunkt f\u00fcr Szene-Interessierte und berichten \u00fcber alles, was die Fetisch-Welt bewegt \u2013 online und On-Air! Partnerschaften bilden das R\u00fcckgrat einer starken Community und unseres Senders. Auf drei weiteren Seiten haben wir Informationen zusammengefasst, was GearFM im Rahmen einer Partnerschaft mit euch bieten kann.<\/p>\t\t\t\t\t\t\t\t<\/div>\n\t\t\t\t<div class=\"elementor-element elementor-element-ec43a18 elementor-widget elementor-widget-spacer\" data-id=\"ec43a18\" data-element_type=\"widget\" data-e-type=\"widget\" data-widget_type=\"spacer.default\">\n\t\t\t\t\t\t\t<div class=\"elementor-spacer\">\n\t\t\t<div class=\"elementor-spacer-inner\"><\/div>\n\t\t<\/div>\n\t\t\t\t\t\t<\/div>\n\t\t\t\t<section class=\"elementor-section elementor-inner-section elementor-element elementor-element-05673ad elementor-section-boxed elementor-section-height-default elementor-section-height-default\" data-id=\"05673ad\" data-element_type=\"section\" data-e-type=\"section\">\n\t\t\t\t\t\t<div class=\"elementor-container elementor-column-gap-default\">\n\t\t\t\t\t<div class=\"elementor-column elementor-col-33 elementor-inner-column elementor-element elementor-element-927a835\" data-id=\"927a835\" data-element_type=\"column\" data-e-type=\"column\">\n\t\t\t<div class=\"elementor-widget-wrap elementor-element-populated\">\n\t\t\t\t\t\t<div class=\"elementor-element elementor-element-25096bc elementor-widget elementor-widget-image\" data-id=\"25096bc\" data-element_type=\"widget\" data-e-type=\"widget\" data-widget_type=\"image.default\">\n\t\t\t\t\t\t\t\t\t\t\t\t\t\t\t\t<a href=\"https:\/\/gearfm.gay\/en\/about-us\/partner\/partner-werden\/infos-fuer-vereine\/\">\n\t\t\t\t\t\t\t<img fetchpriority=\"high\" decoding=\"async\" width=\"1170\" height=\"780\" src=\"https:\/\/gearfm.gay\/wp-content\/uploads\/2024\/01\/C0BB1AD6-B0D6-4272-A57A-4132983E7D17-1170x780.jpeg\" class=\"attachment-large size-large wp-image-2933\" alt=\"\" srcset=\"https:\/\/gearfm.gay\/wp-content\/uploads\/2024\/01\/C0BB1AD6-B0D6-4272-A57A-4132983E7D17-1170x780.jpeg 1170w, https:\/\/gearfm.gay\/wp-content\/uploads\/2024\/01\/C0BB1AD6-B0D6-4272-A57A-4132983E7D17-770x513.jpeg 770w, https:\/\/gearfm.gay\/wp-content\/uploads\/2024\/01\/C0BB1AD6-B0D6-4272-A57A-4132983E7D17-768x512.jpeg 768w, https:\/\/gearfm.gay\/wp-content\/uploads\/2024\/01\/C0BB1AD6-B0D6-4272-A57A-4132983E7D17-1536x1024.jpeg 1536w, https:\/\/gearfm.gay\/wp-content\/uploads\/2024\/01\/C0BB1AD6-B0D6-4272-A57A-4132983E7D17-18x12.jpeg 18w, https:\/\/gearfm.gay\/wp-content\/uploads\/2024\/01\/C0BB1AD6-B0D6-4272-A57A-4132983E7D17.jpeg 1800w\" sizes=\"(max-width: 1170px) 100vw, 1170px\" \/>\t\t\t\t\t\t\t\t<\/a>\n\t\t\t\t\t\t\t\t\t\t\t\t\t\t\t<\/div>\n\t\t\t\t<div class=\"elementor-element elementor-element-78596b8 elementor-widget elementor-widget-heading\" data-id=\"78596b8\" data-element_type=\"widget\" data-e-type=\"widget\" data-widget_type=\"heading.default\">\n\t\t\t\t\t<h2 class=\"elementor-heading-title elementor-size-default\"><a href=\"https:\/\/gearfm.gay\/en\/about-us\/partner\/partner-werden\/infos-fuer-vereine\/\">Vereine<\/a><\/h2>\t\t\t\t<\/div>\n\t\t\t\t\t<\/div>\n\t\t<\/div>\n\t\t\t\t<div class=\"elementor-column elementor-col-33 elementor-inner-column elementor-element elementor-element-dc3a2e5\" data-id=\"dc3a2e5\" data-element_type=\"column\" data-e-type=\"column\">\n\t\t\t<div class=\"elementor-widget-wrap elementor-element-populated\">\n\t\t\t\t\t\t<div class=\"elementor-element elementor-element-4647e2a elementor-widget elementor-widget-image\" data-id=\"4647e2a\" data-element_type=\"widget\" data-e-type=\"widget\" data-widget_type=\"image.default\">\n\t\t\t\t\t\t\t\t\t\t\t\t\t\t\t\t<a href=\"https:\/\/gearfm.gay\/en\/about-us\/partner\/partner-werden\/infos-fuer-veranstalter\/\">\n\t\t\t\t\t\t\t<img decoding=\"async\" width=\"1170\" height=\"780\" src=\"https:\/\/gearfm.gay\/wp-content\/uploads\/2024\/11\/marcela-laskoski-YrtFlrLo2DQ-unsplash-1170x780.jpg\" class=\"attachment-large size-large wp-image-3753\" alt=\"\" srcset=\"https:\/\/gearfm.gay\/wp-content\/uploads\/2024\/11\/marcela-laskoski-YrtFlrLo2DQ-unsplash-1170x780.jpg 1170w, https:\/\/gearfm.gay\/wp-content\/uploads\/2024\/11\/marcela-laskoski-YrtFlrLo2DQ-unsplash-770x513.jpg 770w, https:\/\/gearfm.gay\/wp-content\/uploads\/2024\/11\/marcela-laskoski-YrtFlrLo2DQ-unsplash-768x512.jpg 768w, https:\/\/gearfm.gay\/wp-content\/uploads\/2024\/11\/marcela-laskoski-YrtFlrLo2DQ-unsplash-1536x1024.jpg 1536w, https:\/\/gearfm.gay\/wp-content\/uploads\/2024\/11\/marcela-laskoski-YrtFlrLo2DQ-unsplash-2048x1365.jpg 2048w, https:\/\/gearfm.gay\/wp-content\/uploads\/2024\/11\/marcela-laskoski-YrtFlrLo2DQ-unsplash-18x12.jpg 18w\" sizes=\"(max-width: 1170px) 100vw, 1170px\" \/>\t\t\t\t\t\t\t\t<\/a>\n\t\t\t\t\t\t\t\t\t\t\t\t\t\t\t<\/div>\n\t\t\t\t<div class=\"elementor-element elementor-element-6e78c0a elementor-widget elementor-widget-heading\" data-id=\"6e78c0a\" data-element_type=\"widget\" data-e-type=\"widget\" data-widget_type=\"heading.default\">\n\t\t\t\t\t<h2 class=\"elementor-heading-title elementor-size-default\"><a href=\"https:\/\/gearfm.gay\/en\/about-us\/partner\/partner-werden\/infos-fuer-veranstalter\/\">Veranstalter<\/a><\/h2>\t\t\t\t<\/div>\n\t\t\t\t\t<\/div>\n\t\t<\/div>\n\t\t\t\t<div class=\"elementor-column elementor-col-33 elementor-inner-column elementor-element elementor-element-2f4c3c8\" data-id=\"2f4c3c8\" data-element_type=\"column\" data-e-type=\"column\">\n\t\t\t<div class=\"elementor-widget-wrap elementor-element-populated\">\n\t\t\t\t\t\t<div class=\"elementor-element elementor-element-09cfa7c elementor-widget elementor-widget-image\" data-id=\"09cfa7c\" data-element_type=\"widget\" data-e-type=\"widget\" data-widget_type=\"image.default\">\n\t\t\t\t\t\t\t\t\t\t\t\t\t\t\t\t<a href=\"https:\/\/gearfm.gay\/en\/about-us\/partner\/partner-werden\/infos-fuer-clubs-bars\/\">\n\t\t\t\t\t\t\t<img decoding=\"async\" width=\"1170\" height=\"783\" src=\"https:\/\/gearfm.gay\/wp-content\/uploads\/2024\/09\/pexels-pixabay-158826-4-scaled.jpg\" class=\"attachment-large size-large wp-image-3673\" alt=\"\" srcset=\"https:\/\/gearfm.gay\/wp-content\/uploads\/2024\/09\/pexels-pixabay-158826-4-scaled.jpg 2560w, https:\/\/gearfm.gay\/wp-content\/uploads\/2024\/09\/pexels-pixabay-158826-4-770x515.jpg 770w\" sizes=\"(max-width: 1170px) 100vw, 1170px\" \/>\t\t\t\t\t\t\t\t<\/a>\n\t\t\t\t\t\t\t\t\t\t\t\t\t\t\t<\/div>\n\t\t\t\t<div class=\"elementor-element elementor-element-df8b6b1 elementor-widget elementor-widget-heading\" data-id=\"df8b6b1\" data-element_type=\"widget\" data-e-type=\"widget\" data-widget_type=\"heading.default\">\n\t\t\t\t\t<h2 class=\"elementor-heading-title elementor-size-default\"><a href=\"https:\/\/gearfm.gay\/en\/about-us\/partner\/partner-werden\/infos-fuer-clubs-bars\/\">Clubs &amp; Bars<\/a><\/h2>\t\t\t\t<\/div>\n\t\t\t\t\t<\/div>\n\t\t<\/div>\n\t\t\t\t\t<\/div>\n\t\t<\/section>\n\t\t\t\t\t<\/div>\n\t\t<\/div>\n\t\t\t\t\t<\/div>\n\t\t<\/section>\n\t\t\t\t<section class=\"elementor-section elementor-top-section elementor-element elementor-element-7ec0911 elementor-section-boxed elementor-section-height-default elementor-section-height-default\" data-id=\"7ec0911\" data-element_type=\"section\" data-e-type=\"section\">\n\t\t\t\t\t\t<div class=\"elementor-container elementor-column-gap-default\">\n\t\t\t\t\t<div class=\"elementor-column elementor-col-100 elementor-top-column elementor-element elementor-element-e6b40de\" data-id=\"e6b40de\" data-element_type=\"column\" data-e-type=\"column\">\n\t\t\t<div class=\"elementor-widget-wrap elementor-element-populated\">\n\t\t\t\t\t\t<div class=\"elementor-element elementor-element-87a292f elementor-widget elementor-widget-spacer\" data-id=\"87a292f\" data-element_type=\"widget\" data-e-type=\"widget\" data-widget_type=\"spacer.default\">\n\t\t\t\t\t\t\t<div class=\"elementor-spacer\">\n\t\t\t<div class=\"elementor-spacer-inner\"><\/div>\n\t\t<\/div>\n\t\t\t\t\t\t<\/div>\n\t\t\t\t<div class=\"elementor-element elementor-element-823deec elementor-widget elementor-widget-text-editor\" data-id=\"823deec\" data-element_type=\"widget\" data-e-type=\"widget\" data-widget_type=\"text-editor.default\">\n\t\t\t\t\t\t\t\t\t<p><b>Haben wir euch \u00fcberzeugt?<\/b> Dann freuen wir uns von euch zu h\u00f6ren! Schreib uns eine Nachricht, entweder einfach hier per Kontaktformular, per E-Mail an <a href=\"mailto:kooperation@gearfm.de\">kooperation@gearfm.de<\/a> oder per Telegram <a href=\"http:\/\/t.me\/gearfm\">@gearfm<\/a><\/p>\t\t\t\t\t\t\t\t<\/div>\n\t\t\t\t\t<\/div>\n\t\t<\/div>\n\t\t\t\t\t<\/div>\n\t\t<\/section>\n\t\t\t\t<\/div>","protected":false},"excerpt":{"rendered":"<p>Partnerschaften GearFM \u2013 The Gearhead Radio! ist das unabh\u00e4ngige und nicht-kommerzielle Internetradio f\u00fcr die Fetisch-Community. Wir verstehen uns als zentraler Treffpunkt f\u00fcr Szene-Interessierte und berichten \u00fcber alles, was die Fetisch-Welt bewegt \u2013 online und On-Air! Partnerschaften bilden das R\u00fcckgrat einer starken Community und unseres Senders. Auf drei weiteren Seiten haben ...<\/p>","protected":false},"author":1,"featured_media":0,"parent":4709,"menu_order":0,"comment_status":"closed","ping_status":"closed","template":"","meta":{"inline_featured_image":false,"footnotes":""},"class_list":["post-4943","page","type-page","status-publish","hentry"],"yoast_head":"<!-- This site is optimized with the Yoast SEO plugin v27.3 - https:\/\/yoast.com\/product\/yoast-seo-wordpress\/ -->\n<title>Partner werden - GearFM<\/title>\n<meta name=\"robots\" content=\"index, follow, max-snippet:-1, max-image-preview:large, max-video-preview:-1\" \/>\n<link rel=\"canonical\" href=\"https:\/\/gearfm.gay\/en\/about-us\/partner\/partner-werden\/\" \/>\n<meta property=\"og:locale\" content=\"en_US\" \/>\n<meta property=\"og:type\" content=\"article\" \/>\n<meta property=\"og:title\" content=\"Partner werden - GearFM\" \/>\n<meta property=\"og:description\" content=\"Partnerschaften GearFM \u2013 The Gearhead Radio! ist das unabh\u00e4ngige und nicht-kommerzielle Internetradio f\u00fcr die Fetisch-Community. Wir verstehen uns als zentraler Treffpunkt f\u00fcr Szene-Interessierte und berichten \u00fcber alles, was die Fetisch-Welt bewegt \u2013 online und On-Air! Partnerschaften bilden das R\u00fcckgrat einer starken Community und unseres Senders. Auf drei weiteren Seiten haben [...]\" \/>\n<meta property=\"og:url\" content=\"https:\/\/gearfm.gay\/en\/about-us\/partner\/partner-werden\/\" \/>\n<meta property=\"og:site_name\" content=\"GearFM\" \/>\n<meta property=\"article:modified_time\" content=\"2025-04-03T14:52:00+00:00\" \/>\n<meta property=\"og:image\" content=\"https:\/\/gearfm.gay\/wp-content\/uploads\/2024\/01\/C0BB1AD6-B0D6-4272-A57A-4132983E7D17.jpeg\" \/>\n\t<meta property=\"og:image:width\" content=\"1800\" \/>\n\t<meta property=\"og:image:height\" content=\"1200\" \/>\n\t<meta property=\"og:image:type\" content=\"image\/jpeg\" \/>\n<meta name=\"twitter:card\" content=\"summary_large_image\" \/>\n<meta name=\"twitter:label1\" content=\"Est. reading time\" \/>\n\t<meta name=\"twitter:data1\" content=\"2 minutes\" \/>\n<script type=\"application\/ld+json\" class=\"yoast-schema-graph\">{\"@context\":\"https:\\\/\\\/schema.org\",\"@graph\":[{\"@type\":\"WebPage\",\"@id\":\"https:\\\/\\\/gearfm.gay\\\/about-us\\\/partner\\\/partner-werden\\\/\",\"url\":\"https:\\\/\\\/gearfm.gay\\\/about-us\\\/partner\\\/partner-werden\\\/\",\"name\":\"Partner werden - GearFM\",\"isPartOf\":{\"@id\":\"https:\\\/\\\/gearfm.gay\\\/#website\"},\"primaryImageOfPage\":{\"@id\":\"https:\\\/\\\/gearfm.gay\\\/about-us\\\/partner\\\/partner-werden\\\/#primaryimage\"},\"image\":{\"@id\":\"https:\\\/\\\/gearfm.gay\\\/about-us\\\/partner\\\/partner-werden\\\/#primaryimage\"},\"thumbnailUrl\":\"https:\\\/\\\/gearfm.gay\\\/wp-content\\\/uploads\\\/2024\\\/01\\\/C0BB1AD6-B0D6-4272-A57A-4132983E7D17-1170x780.jpeg\",\"datePublished\":\"2025-04-03T13:15:59+00:00\",\"dateModified\":\"2025-04-03T14:52:00+00:00\",\"breadcrumb\":{\"@id\":\"https:\\\/\\\/gearfm.gay\\\/about-us\\\/partner\\\/partner-werden\\\/#breadcrumb\"},\"inLanguage\":\"en-US\",\"potentialAction\":[{\"@type\":\"ReadAction\",\"target\":[\"https:\\\/\\\/gearfm.gay\\\/about-us\\\/partner\\\/partner-werden\\\/\"]}]},{\"@type\":\"ImageObject\",\"inLanguage\":\"en-US\",\"@id\":\"https:\\\/\\\/gearfm.gay\\\/about-us\\\/partner\\\/partner-werden\\\/#primaryimage\",\"url\":\"https:\\\/\\\/gearfm.gay\\\/wp-content\\\/uploads\\\/2024\\\/01\\\/C0BB1AD6-B0D6-4272-A57A-4132983E7D17-1170x780.jpeg\",\"contentUrl\":\"https:\\\/\\\/gearfm.gay\\\/wp-content\\\/uploads\\\/2024\\\/01\\\/C0BB1AD6-B0D6-4272-A57A-4132983E7D17-1170x780.jpeg\"},{\"@type\":\"BreadcrumbList\",\"@id\":\"https:\\\/\\\/gearfm.gay\\\/about-us\\\/partner\\\/partner-werden\\\/#breadcrumb\",\"itemListElement\":[{\"@type\":\"ListItem\",\"position\":1,\"name\":\"Startseite\",\"item\":\"https:\\\/\\\/gearfm.gay\\\/\"},{\"@type\":\"ListItem\",\"position\":2,\"name\":\"\u00dcber uns\",\"item\":\"https:\\\/\\\/gearfm.gay\\\/de\\\/about-us\\\/\"},{\"@type\":\"ListItem\",\"position\":3,\"name\":\"Partner\",\"item\":\"https:\\\/\\\/gearfm.gay\\\/about-us\\\/partner\\\/\"},{\"@type\":\"ListItem\",\"position\":4,\"name\":\"Partner werden\"}]},{\"@type\":\"WebSite\",\"@id\":\"https:\\\/\\\/gearfm.gay\\\/#website\",\"url\":\"https:\\\/\\\/gearfm.gay\\\/\",\"name\":\"GearFM\",\"description\":\"The Gearhead Radio\",\"publisher\":{\"@id\":\"https:\\\/\\\/gearfm.gay\\\/#organization\"},\"potentialAction\":[{\"@type\":\"SearchAction\",\"target\":{\"@type\":\"EntryPoint\",\"urlTemplate\":\"https:\\\/\\\/gearfm.gay\\\/?s={search_term_string}\"},\"query-input\":{\"@type\":\"PropertyValueSpecification\",\"valueRequired\":true,\"valueName\":\"search_term_string\"}}],\"inLanguage\":\"en-US\"},{\"@type\":\"Organization\",\"@id\":\"https:\\\/\\\/gearfm.gay\\\/#organization\",\"name\":\"GearFM\",\"url\":\"https:\\\/\\\/gearfm.gay\\\/\",\"logo\":{\"@type\":\"ImageObject\",\"inLanguage\":\"en-US\",\"@id\":\"https:\\\/\\\/gearfm.gay\\\/#\\\/schema\\\/logo\\\/image\\\/\",\"url\":\"https:\\\/\\\/gearfm.gay\\\/wp-content\\\/uploads\\\/2024\\\/07\\\/Element-3-4.png\",\"contentUrl\":\"https:\\\/\\\/gearfm.gay\\\/wp-content\\\/uploads\\\/2024\\\/07\\\/Element-3-4.png\",\"width\":2449,\"height\":1381,\"caption\":\"GearFM\"},\"image\":{\"@id\":\"https:\\\/\\\/gearfm.gay\\\/#\\\/schema\\\/logo\\\/image\\\/\"}}]}<\/script>\n<!-- \/ Yoast SEO plugin. -->","yoast_head_json":{"title":"Partner werden - GearFM","robots":{"index":"index","follow":"follow","max-snippet":"max-snippet:-1","max-image-preview":"max-image-preview:large","max-video-preview":"max-video-preview:-1"},"canonical":"https:\/\/gearfm.gay\/en\/about-us\/partner\/partner-werden\/","og_locale":"en_US","og_type":"article","og_title":"Partner werden - GearFM","og_description":"Partnerschaften GearFM \u2013 The Gearhead Radio! ist das unabh\u00e4ngige und nicht-kommerzielle Internetradio f\u00fcr die Fetisch-Community. Wir verstehen uns als zentraler Treffpunkt f\u00fcr Szene-Interessierte und berichten \u00fcber alles, was die Fetisch-Welt bewegt \u2013 online und On-Air! Partnerschaften bilden das R\u00fcckgrat einer starken Community und unseres Senders. Auf drei weiteren Seiten haben [...]","og_url":"https:\/\/gearfm.gay\/en\/about-us\/partner\/partner-werden\/","og_site_name":"GearFM","article_modified_time":"2025-04-03T14:52:00+00:00","og_image":[{"width":1800,"height":1200,"url":"https:\/\/gearfm.gay\/wp-content\/uploads\/2024\/01\/C0BB1AD6-B0D6-4272-A57A-4132983E7D17.jpeg","type":"image\/jpeg"}],"twitter_card":"summary_large_image","twitter_misc":{"Est. reading time":"2 minutes"},"schema":{"@context":"https:\/\/schema.org","@graph":[{"@type":"WebPage","@id":"https:\/\/gearfm.gay\/about-us\/partner\/partner-werden\/","url":"https:\/\/gearfm.gay\/about-us\/partner\/partner-werden\/","name":"Partner werden - GearFM","isPartOf":{"@id":"https:\/\/gearfm.gay\/#website"},"primaryImageOfPage":{"@id":"https:\/\/gearfm.gay\/about-us\/partner\/partner-werden\/#primaryimage"},"image":{"@id":"https:\/\/gearfm.gay\/about-us\/partner\/partner-werden\/#primaryimage"},"thumbnailUrl":"https:\/\/gearfm.gay\/wp-content\/uploads\/2024\/01\/C0BB1AD6-B0D6-4272-A57A-4132983E7D17-1170x780.jpeg","datePublished":"2025-04-03T13:15:59+00:00","dateModified":"2025-04-03T14:52:00+00:00","breadcrumb":{"@id":"https:\/\/gearfm.gay\/about-us\/partner\/partner-werden\/#breadcrumb"},"inLanguage":"en-US","potentialAction":[{"@type":"ReadAction","target":["https:\/\/gearfm.gay\/about-us\/partner\/partner-werden\/"]}]},{"@type":"ImageObject","inLanguage":"en-US","@id":"https:\/\/gearfm.gay\/about-us\/partner\/partner-werden\/#primaryimage","url":"https:\/\/gearfm.gay\/wp-content\/uploads\/2024\/01\/C0BB1AD6-B0D6-4272-A57A-4132983E7D17-1170x780.jpeg","contentUrl":"https:\/\/gearfm.gay\/wp-content\/uploads\/2024\/01\/C0BB1AD6-B0D6-4272-A57A-4132983E7D17-1170x780.jpeg"},{"@type":"BreadcrumbList","@id":"https:\/\/gearfm.gay\/about-us\/partner\/partner-werden\/#breadcrumb","itemListElement":[{"@type":"ListItem","position":1,"name":"Startseite","item":"https:\/\/gearfm.gay\/"},{"@type":"ListItem","position":2,"name":"\u00dcber uns","item":"https:\/\/gearfm.gay\/de\/about-us\/"},{"@type":"ListItem","position":3,"name":"Partner","item":"https:\/\/gearfm.gay\/about-us\/partner\/"},{"@type":"ListItem","position":4,"name":"Partner werden"}]},{"@type":"WebSite","@id":"https:\/\/gearfm.gay\/#website","url":"https:\/\/gearfm.gay\/","name":"GearFM","description":"The Gearhead Radio","publisher":{"@id":"https:\/\/gearfm.gay\/#organization"},"potentialAction":[{"@type":"SearchAction","target":{"@type":"EntryPoint","urlTemplate":"https:\/\/gearfm.gay\/?s={search_term_string}"},"query-input":{"@type":"PropertyValueSpecification","valueRequired":true,"valueName":"search_term_string"}}],"inLanguage":"en-US"},{"@type":"Organization","@id":"https:\/\/gearfm.gay\/#organization","name":"GearFM","url":"https:\/\/gearfm.gay\/","logo":{"@type":"ImageObject","inLanguage":"en-US","@id":"https:\/\/gearfm.gay\/#\/schema\/logo\/image\/","url":"https:\/\/gearfm.gay\/wp-content\/uploads\/2024\/07\/Element-3-4.png","contentUrl":"https:\/\/gearfm.gay\/wp-content\/uploads\/2024\/07\/Element-3-4.png","width":2449,"height":1381,"caption":"GearFM"},"image":{"@id":"https:\/\/gearfm.gay\/#\/schema\/logo\/image\/"}}]}},"_links":{"self":[{"href":"https:\/\/gearfm.gay\/en\/wp-json\/wp\/v2\/pages\/4943","targetHints":{"allow":["GET"]}}],"collection":[{"href":"https:\/\/gearfm.gay\/en\/wp-json\/wp\/v2\/pages"}],"about":[{"href":"https:\/\/gearfm.gay\/en\/wp-json\/wp\/v2\/types\/page"}],"author":[{"embeddable":true,"href":"https:\/\/gearfm.gay\/en\/wp-json\/wp\/v2\/users\/1"}],"replies":[{"embeddable":true,"href":"https:\/\/gearfm.gay\/en\/wp-json\/wp\/v2\/comments?post=4943"}],"version-history":[{"count":43,"href":"https:\/\/gearfm.gay\/en\/wp-json\/wp\/v2\/pages\/4943\/revisions"}],"predecessor-version":[{"id":5095,"href":"https:\/\/gearfm.gay\/en\/wp-json\/wp\/v2\/pages\/4943\/revisions\/5095"}],"up":[{"embeddable":true,"href":"https:\/\/gearfm.gay\/en\/wp-json\/wp\/v2\/pages\/4709"}],"wp:attachment":[{"href":"https:\/\/gearfm.gay\/en\/wp-json\/wp\/v2\/media?parent=4943"}],"curies":[{"name":"wp","href":"https:\/\/api.w.org\/{rel}","templated":true}]}}