{"id":1932,"date":"2024-09-02T23:52:50","date_gmt":"2024-09-02T21:52:50","guid":{"rendered":"https:\/\/gearfm.gay\/?page_id=1932"},"modified":"2025-08-21T19:40:40","modified_gmt":"2025-08-21T17:40:40","slug":"about-us","status":"publish","type":"page","link":"https:\/\/gearfm.gay\/en\/about-us\/","title":{"rendered":"About us"},"content":{"rendered":"<div data-elementor-type=\"wp-page\" data-elementor-id=\"1932\" class=\"elementor elementor-1932\" data-elementor-post-type=\"page\">\n\t\t\t\t\t\t<section class=\"elementor-section elementor-top-section elementor-element elementor-element-487e659 elementor-section-boxed elementor-section-height-default elementor-section-height-default\" data-id=\"487e659\" data-element_type=\"section\" data-e-type=\"section\">\n\t\t\t\t\t\t<div class=\"elementor-container elementor-column-gap-default\">\n\t\t\t\t\t<div class=\"elementor-column elementor-col-100 elementor-top-column elementor-element elementor-element-3cc61ff\" data-id=\"3cc61ff\" data-element_type=\"column\" data-e-type=\"column\">\n\t\t\t<div class=\"elementor-widget-wrap elementor-element-populated\">\n\t\t\t\t\t\t<div class=\"elementor-element elementor-element-7297e77 elementor-widget elementor-widget-text-editor\" data-id=\"7297e77\" data-element_type=\"widget\" data-e-type=\"widget\" data-widget_type=\"text-editor.default\">\n\t\t\t\t\t\t\t\t\t<p>GearFM ist ein Internetradio, das von Gearheads f\u00fcr Gearheads geschaffen wurde. Wir besch\u00e4ftigen uns umfassend mit Themen rund um Fetisch, Gear und spannenden Events. Wir sind stolz darauf international aufgestellt zu sein, was sich auch in der Vielfalt unserer Moderationen widerspiegelt. Unsere talentierten DJs moderieren in Deutsch, Englisch und weiteren Sprachen, um ein breites Publikum anzusprechen und eine inklusive Atmosph\u00e4re zu schaffen.<\/p>\n<p>Our program is particularly focused on the weekend, when listeners are looking for entertainment and variety. We offer a variety of programs and genres, ranging from rousing music mixes to informative talk shows and special theme nights. Whether you're a seasoned gearhead or just curious about the world of fetish and events, you're guaranteed to find something that appeals to you on GearFM.<\/p>\t\t\t\t\t\t\t\t<\/div>\n\t\t\t\t<div class=\"elementor-element elementor-element-befdc5a elementor-widget elementor-widget-text-editor\" data-id=\"befdc5a\" data-element_type=\"widget\" data-e-type=\"widget\" data-widget_type=\"text-editor.default\">\n\t\t\t\t\t\t\t\t\t<p>If you don't want to miss anything, just join our channel and stay up to date.<\/p>\t\t\t\t\t\t\t\t<\/div>\n\t\t\t\t<div class=\"elementor-element elementor-element-defbfaf elementor-widget elementor-widget-proradio-elementor-button\" data-id=\"defbfaf\" data-element_type=\"widget\" data-e-type=\"widget\" data-widget_type=\"proradio-elementor-button.default\">\n\t\t\t\t<div class=\"elementor-widget-container\">\n\t\t\t\t\t <p class=\"aligncenter\"><a href=\"https:\/\/t.me\/gearfm_channel\"  target=\"_blank\"   \t\t\t\t\t\t\t\tclass=\"proradio-btn proradio-btn-default aligncenter\">\t\t\t\t\t<i class=\"fab fa-telegram-plane fa-brands\"><\/i>\n\t\t\t\t\t<span>Telegram Channel<\/span><\/a><\/p>\t\t\t\t<\/div>\n\t\t\t\t<\/div>\n\t\t\t\t\t<\/div>\n\t\t<\/div>\n\t\t\t\t\t<\/div>\n\t\t<\/section>\n\t\t\t\t<\/div>","protected":false},"excerpt":{"rendered":"<p>GearFM ist ein Internetradio, das von Gearheads f\u00fcr Gearheads geschaffen wurde. Wir besch\u00e4ftigen uns umfassend mit Themen rund um Fetisch, Gear und spannenden Events. Wir sind stolz darauf international aufgestellt zu sein, was sich auch in der Vielfalt unserer Moderationen widerspiegelt. Unsere talentierten DJs moderieren in Deutsch, Englisch und weiteren ...<\/p>","protected":false},"author":1,"featured_media":0,"parent":0,"menu_order":0,"comment_status":"closed","ping_status":"closed","template":"","meta":{"inline_featured_image":false,"footnotes":""},"class_list":["post-1932","page","type-page","status-publish","hentry"],"yoast_head":"<!-- This site is optimized with the Yoast SEO plugin v27.5 - https:\/\/yoast.com\/product\/yoast-seo-wordpress\/ -->\n<title>\u00dcber uns - GearFM<\/title>\n<meta name=\"robots\" content=\"index, follow, max-snippet:-1, max-image-preview:large, max-video-preview:-1\" \/>\n<link rel=\"canonical\" href=\"https:\/\/gearfm.gay\/en\/about-us\/\" \/>\n<meta property=\"og:locale\" content=\"en_US\" \/>\n<meta property=\"og:type\" content=\"article\" \/>\n<meta property=\"og:title\" content=\"\u00dcber uns - GearFM\" \/>\n<meta property=\"og:description\" content=\"GearFM ist ein Internetradio, das von Gearheads f\u00fcr Gearheads geschaffen wurde. Wir besch\u00e4ftigen uns umfassend mit Themen rund um Fetisch, Gear und spannenden Events. Wir sind stolz darauf international aufgestellt zu sein, was sich auch in der Vielfalt unserer Moderationen widerspiegelt. Unsere talentierten DJs moderieren in Deutsch, Englisch und weiteren [...]\" \/>\n<meta property=\"og:url\" content=\"https:\/\/gearfm.gay\/en\/about-us\/\" \/>\n<meta property=\"og:site_name\" content=\"GearFM\" \/>\n<meta property=\"article:modified_time\" content=\"2025-08-21T17:40:40+00:00\" \/>\n<meta name=\"twitter:card\" content=\"summary_large_image\" \/>\n<meta name=\"twitter:label1\" content=\"Est. reading time\" \/>\n\t<meta name=\"twitter:data1\" content=\"1 minute\" \/>\n<script type=\"application\/ld+json\" class=\"yoast-schema-graph\">{\"@context\":\"https:\\\/\\\/schema.org\",\"@graph\":[{\"@type\":\"WebPage\",\"@id\":\"https:\\\/\\\/gearfm.gay\\\/de\\\/about-us\\\/\",\"url\":\"https:\\\/\\\/gearfm.gay\\\/de\\\/about-us\\\/\",\"name\":\"\u00dcber uns - GearFM\",\"isPartOf\":{\"@id\":\"https:\\\/\\\/gearfm.gay\\\/#website\"},\"datePublished\":\"2024-09-02T21:52:50+00:00\",\"dateModified\":\"2025-08-21T17:40:40+00:00\",\"breadcrumb\":{\"@id\":\"https:\\\/\\\/gearfm.gay\\\/de\\\/about-us\\\/#breadcrumb\"},\"inLanguage\":\"en-US\",\"potentialAction\":[{\"@type\":\"ReadAction\",\"target\":[\"https:\\\/\\\/gearfm.gay\\\/de\\\/about-us\\\/\"]}]},{\"@type\":\"BreadcrumbList\",\"@id\":\"https:\\\/\\\/gearfm.gay\\\/de\\\/about-us\\\/#breadcrumb\",\"itemListElement\":[{\"@type\":\"ListItem\",\"position\":1,\"name\":\"Startseite\",\"item\":\"https:\\\/\\\/gearfm.gay\\\/\"},{\"@type\":\"ListItem\",\"position\":2,\"name\":\"\u00dcber uns\"}]},{\"@type\":\"WebSite\",\"@id\":\"https:\\\/\\\/gearfm.gay\\\/#website\",\"url\":\"https:\\\/\\\/gearfm.gay\\\/\",\"name\":\"GearFM\",\"description\":\"The Gearhead Radio\",\"publisher\":{\"@id\":\"https:\\\/\\\/gearfm.gay\\\/#organization\"},\"potentialAction\":[{\"@type\":\"SearchAction\",\"target\":{\"@type\":\"EntryPoint\",\"urlTemplate\":\"https:\\\/\\\/gearfm.gay\\\/?s={search_term_string}\"},\"query-input\":{\"@type\":\"PropertyValueSpecification\",\"valueRequired\":true,\"valueName\":\"search_term_string\"}}],\"inLanguage\":\"en-US\"},{\"@type\":\"Organization\",\"@id\":\"https:\\\/\\\/gearfm.gay\\\/#organization\",\"name\":\"GearFM\",\"url\":\"https:\\\/\\\/gearfm.gay\\\/\",\"logo\":{\"@type\":\"ImageObject\",\"inLanguage\":\"en-US\",\"@id\":\"https:\\\/\\\/gearfm.gay\\\/#\\\/schema\\\/logo\\\/image\\\/\",\"url\":\"https:\\\/\\\/gearfm.gay\\\/wp-content\\\/uploads\\\/2024\\\/07\\\/Element-3-4.png\",\"contentUrl\":\"https:\\\/\\\/gearfm.gay\\\/wp-content\\\/uploads\\\/2024\\\/07\\\/Element-3-4.png\",\"width\":2449,\"height\":1381,\"caption\":\"GearFM\"},\"image\":{\"@id\":\"https:\\\/\\\/gearfm.gay\\\/#\\\/schema\\\/logo\\\/image\\\/\"}}]}<\/script>\n<!-- \/ Yoast SEO plugin. -->","yoast_head_json":{"title":"\u00dcber uns - GearFM","robots":{"index":"index","follow":"follow","max-snippet":"max-snippet:-1","max-image-preview":"max-image-preview:large","max-video-preview":"max-video-preview:-1"},"canonical":"https:\/\/gearfm.gay\/en\/about-us\/","og_locale":"en_US","og_type":"article","og_title":"\u00dcber uns - GearFM","og_description":"GearFM ist ein Internetradio, das von Gearheads f\u00fcr Gearheads geschaffen wurde. Wir besch\u00e4ftigen uns umfassend mit Themen rund um Fetisch, Gear und spannenden Events. Wir sind stolz darauf international aufgestellt zu sein, was sich auch in der Vielfalt unserer Moderationen widerspiegelt. Unsere talentierten DJs moderieren in Deutsch, Englisch und weiteren [...]","og_url":"https:\/\/gearfm.gay\/en\/about-us\/","og_site_name":"GearFM","article_modified_time":"2025-08-21T17:40:40+00:00","twitter_card":"summary_large_image","twitter_misc":{"Est. reading time":"1 minute"},"schema":{"@context":"https:\/\/schema.org","@graph":[{"@type":"WebPage","@id":"https:\/\/gearfm.gay\/de\/about-us\/","url":"https:\/\/gearfm.gay\/de\/about-us\/","name":"\u00dcber uns - GearFM","isPartOf":{"@id":"https:\/\/gearfm.gay\/#website"},"datePublished":"2024-09-02T21:52:50+00:00","dateModified":"2025-08-21T17:40:40+00:00","breadcrumb":{"@id":"https:\/\/gearfm.gay\/de\/about-us\/#breadcrumb"},"inLanguage":"en-US","potentialAction":[{"@type":"ReadAction","target":["https:\/\/gearfm.gay\/de\/about-us\/"]}]},{"@type":"BreadcrumbList","@id":"https:\/\/gearfm.gay\/de\/about-us\/#breadcrumb","itemListElement":[{"@type":"ListItem","position":1,"name":"Startseite","item":"https:\/\/gearfm.gay\/"},{"@type":"ListItem","position":2,"name":"\u00dcber uns"}]},{"@type":"WebSite","@id":"https:\/\/gearfm.gay\/#website","url":"https:\/\/gearfm.gay\/","name":"GearFM","description":"The Gearhead Radio","publisher":{"@id":"https:\/\/gearfm.gay\/#organization"},"potentialAction":[{"@type":"SearchAction","target":{"@type":"EntryPoint","urlTemplate":"https:\/\/gearfm.gay\/?s={search_term_string}"},"query-input":{"@type":"PropertyValueSpecification","valueRequired":true,"valueName":"search_term_string"}}],"inLanguage":"en-US"},{"@type":"Organization","@id":"https:\/\/gearfm.gay\/#organization","name":"GearFM","url":"https:\/\/gearfm.gay\/","logo":{"@type":"ImageObject","inLanguage":"en-US","@id":"https:\/\/gearfm.gay\/#\/schema\/logo\/image\/","url":"https:\/\/gearfm.gay\/wp-content\/uploads\/2024\/07\/Element-3-4.png","contentUrl":"https:\/\/gearfm.gay\/wp-content\/uploads\/2024\/07\/Element-3-4.png","width":2449,"height":1381,"caption":"GearFM"},"image":{"@id":"https:\/\/gearfm.gay\/#\/schema\/logo\/image\/"}}]}},"_links":{"self":[{"href":"https:\/\/gearfm.gay\/en\/wp-json\/wp\/v2\/pages\/1932","targetHints":{"allow":["GET"]}}],"collection":[{"href":"https:\/\/gearfm.gay\/en\/wp-json\/wp\/v2\/pages"}],"about":[{"href":"https:\/\/gearfm.gay\/en\/wp-json\/wp\/v2\/types\/page"}],"author":[{"embeddable":true,"href":"https:\/\/gearfm.gay\/en\/wp-json\/wp\/v2\/users\/1"}],"replies":[{"embeddable":true,"href":"https:\/\/gearfm.gay\/en\/wp-json\/wp\/v2\/comments?post=1932"}],"version-history":[{"count":13,"href":"https:\/\/gearfm.gay\/en\/wp-json\/wp\/v2\/pages\/1932\/revisions"}],"predecessor-version":[{"id":6232,"href":"https:\/\/gearfm.gay\/en\/wp-json\/wp\/v2\/pages\/1932\/revisions\/6232"}],"wp:attachment":[{"href":"https:\/\/gearfm.gay\/en\/wp-json\/wp\/v2\/media?parent=1932"}],"curies":[{"name":"wp","href":"https:\/\/api.w.org\/{rel}","templated":true}]}}