{"id":665,"date":"2024-07-07T18:22:15","date_gmt":"2024-07-07T16:22:15","guid":{"rendered":"http:\/\/gearfm.gay\/?page_id=665"},"modified":"2025-08-20T15:46:11","modified_gmt":"2025-08-20T13:46:11","slug":"events","status":"publish","type":"page","link":"https:\/\/gearfm.gay\/de\/events\/","title":{"rendered":"Events"},"content":{"rendered":"\t\t<div data-elementor-type=\"wp-page\" data-elementor-id=\"665\" class=\"elementor elementor-665\" data-elementor-post-type=\"page\">\n\t\t\t\t\t\t<section class=\"elementor-section elementor-top-section elementor-element elementor-element-e8e1b07 elementor-section-full_width elementor-section-stretched elementor-section-height-default elementor-section-height-default\" data-id=\"e8e1b07\" data-element_type=\"section\" data-e-type=\"section\" data-settings=\"{&quot;stretch_section&quot;:&quot;section-stretched&quot;,&quot;background_background&quot;:&quot;classic&quot;}\">\n\t\t\t\t\t\t<div class=\"elementor-container elementor-column-gap-default\">\n\t\t\t\t\t<div class=\"elementor-column elementor-col-100 elementor-top-column elementor-element elementor-element-add327d\" data-id=\"add327d\" data-element_type=\"column\" data-e-type=\"column\">\n\t\t\t<div class=\"elementor-widget-wrap elementor-element-populated\">\n\t\t\t\t\t\t<div class=\"elementor-element elementor-element-43ed194 elementor-widget__width-inherit elementor-widget elementor-widget-proradio-elementor-event-featured\" data-id=\"43ed194\" data-element_type=\"widget\" data-e-type=\"widget\" data-widget_type=\"proradio-elementor-event-featured.default\">\n\t\t\t\t<div class=\"elementor-widget-container\">\n\t\t\t\t\tLeider gibt es im Moment nichts zum anzeigen.\t\t\t\t\t\t<\/div>\n\t\t\t\t<\/div>\n\t\t\t\t\t<\/div>\n\t\t<\/div>\n\t\t\t\t\t<\/div>\n\t\t<\/section>\n\t\t\t\t<section class=\"elementor-section elementor-top-section elementor-element elementor-element-24c7113 elementor-section-full_width elementor-section-stretched elementor-section-height-default elementor-section-height-default\" data-id=\"24c7113\" data-element_type=\"section\" data-e-type=\"section\" data-settings=\"{&quot;stretch_section&quot;:&quot;section-stretched&quot;,&quot;background_background&quot;:&quot;classic&quot;}\">\n\t\t\t\t\t\t<div class=\"elementor-container elementor-column-gap-default\">\n\t\t\t\t\t<div class=\"elementor-column elementor-col-100 elementor-top-column elementor-element elementor-element-72bbb77\" data-id=\"72bbb77\" data-element_type=\"column\" data-e-type=\"column\">\n\t\t\t<div class=\"elementor-widget-wrap elementor-element-populated\">\n\t\t\t\t\t\t<div class=\"elementor-element elementor-element-3f57a5b elementor-widget elementor-widget-proradio-elementor-event-list\" data-id=\"3f57a5b\" data-element_type=\"widget\" data-e-type=\"widget\" data-widget_type=\"proradio-elementor-event-list.default\">\n\t\t\t\t<div class=\"elementor-widget-container\">\n\t\t\t\t\tLeider gibt es im Moment nichts zum anzeigen.\t\t\t\t\t\t<\/div>\n\t\t\t\t<\/div>\n\t\t\t\t\t<\/div>\n\t\t<\/div>\n\t\t\t\t\t<\/div>\n\t\t<\/section>\n\t\t\t\t<section class=\"elementor-section elementor-top-section elementor-element elementor-element-170af64 elementor-section-boxed elementor-section-height-default elementor-section-height-default\" data-id=\"170af64\" data-element_type=\"section\" data-e-type=\"section\" data-settings=\"{&quot;background_background&quot;:&quot;classic&quot;}\">\n\t\t\t\t\t\t<div class=\"elementor-container elementor-column-gap-default\">\n\t\t\t\t\t<div class=\"elementor-column elementor-col-100 elementor-top-column elementor-element elementor-element-6a8d75d\" data-id=\"6a8d75d\" data-element_type=\"column\" data-e-type=\"column\">\n\t\t\t<div class=\"elementor-widget-wrap elementor-element-populated\">\n\t\t\t\t\t\t<div class=\"elementor-element elementor-element-c8af610 elementor-widget elementor-widget-proradio-elementor-gradient-caption\" data-id=\"c8af610\" data-element_type=\"widget\" data-e-type=\"widget\" data-widget_type=\"proradio-elementor-gradient-caption.default\">\n\t\t\t\t<div class=\"elementor-widget-container\">\n\t\t\t\t\t\t\t\n\t\t<h2 class=\"proradio-gradient-caption\">\t\tMEHR EVENTS GIBTS BEI <span>in GEAR<\/span>\t\t<\/h2>\t\t\n\t\t\t\t\t\t<\/div>\n\t\t\t\t<\/div>\n\t\t\t\t<div class=\"elementor-element elementor-element-8cae879 elementor-widget elementor-widget-image\" data-id=\"8cae879\" data-element_type=\"widget\" data-e-type=\"widget\" data-widget_type=\"image.default\">\n\t\t\t\t\t\t\t\t\t\t\t\t\t\t\t<img fetchpriority=\"high\" decoding=\"async\" width=\"770\" height=\"770\" src=\"https:\/\/gearfm.gay\/wp-content\/uploads\/2025\/06\/in-gear-logo2.svg\" class=\"attachment-medium size-medium wp-image-5769\" alt=\"\" \/>\t\t\t\t\t\t\t\t\t\t\t\t\t\t\t<\/div>\n\t\t\t\t<div class=\"elementor-element elementor-element-46decb4 elementor-widget elementor-widget-proradio-elementor-button\" data-id=\"46decb4\" data-element_type=\"widget\" data-e-type=\"widget\" data-widget_type=\"proradio-elementor-button.default\">\n\t\t\t\t<div class=\"elementor-widget-container\">\n\t\t\t\t\t <p class=\"aligncenter\"><a href=\"https:\/\/in-gear.de\/\"   \t\t\t\t\t\t\t\tclass=\"proradio-btn proradio-btn-primary aligncenter  \">\t\t\t\t\t<i class=\"Array svg\"><\/i>\n\t\t\t\t\t<span>in GEAR<\/span><\/a><\/p>\t\t\t\t<\/div>\n\t\t\t\t<\/div>\n\t\t\t\t\t<\/div>\n\t\t<\/div>\n\t\t\t\t\t<\/div>\n\t\t<\/section>\n\t\t\t\t<\/div>\n\t\t","protected":false},"excerpt":{"rendered":"<p>today 3 29 Nov. 2025 Proton Club KinkFactory XXL Mache Dich bereit f\u00fcr eine XXL Ausgabe der KinkFactory. Wir feiern anl\u00e4sslich des Maitreffen 2025 im Proton in Stuttgart. Einem der gr\u00f6\u00dften Clubs S\u00fcddeutschlands. Lerne neue Kinkster kennen, zeige dich als Puppy, Gearhead, Rubberdrohne oder Lederkerl. Triff den neuen Mr. Fetish ...<\/p>\n","protected":false},"author":1,"featured_media":0,"parent":0,"menu_order":0,"comment_status":"closed","ping_status":"closed","template":"page-fullwidth.php","meta":{"inline_featured_image":false,"footnotes":""},"class_list":["post-665","page","type-page","status-publish","hentry"],"yoast_head":"<!-- This site is optimized with the Yoast SEO plugin v27.3 - https:\/\/yoast.com\/product\/yoast-seo-wordpress\/ -->\n<title>Events - GearFM<\/title>\n<meta name=\"robots\" content=\"index, follow, max-snippet:-1, max-image-preview:large, max-video-preview:-1\" \/>\n<link rel=\"canonical\" href=\"https:\/\/gearfm.gay\/de\/events\/\" \/>\n<meta property=\"og:locale\" content=\"de_DE\" \/>\n<meta property=\"og:type\" content=\"article\" \/>\n<meta property=\"og:title\" content=\"Events - GearFM\" \/>\n<meta property=\"og:description\" content=\"today 3 29 Nov. 2025 Proton Club KinkFactory XXL Mache Dich bereit f\u00fcr eine XXL Ausgabe der KinkFactory. Wir feiern anl\u00e4sslich des Maitreffen 2025 im Proton in Stuttgart. Einem der gr\u00f6\u00dften Clubs S\u00fcddeutschlands. Lerne neue Kinkster kennen, zeige dich als Puppy, Gearhead, Rubberdrohne oder Lederkerl. Triff den neuen Mr. Fetish [...]\" \/>\n<meta property=\"og:url\" content=\"https:\/\/gearfm.gay\/de\/events\/\" \/>\n<meta property=\"og:site_name\" content=\"GearFM\" \/>\n<meta property=\"article:modified_time\" content=\"2025-08-20T13:46:11+00:00\" \/>\n<meta property=\"og:image\" content=\"https:\/\/gearfm.gay\/wp-content\/uploads\/2025\/01\/Event-Header-3-Kinkfactory.png\" \/>\n<meta name=\"twitter:card\" content=\"summary_large_image\" \/>\n<meta name=\"twitter:label1\" content=\"Gesch\u00e4tzte Lesezeit\" \/>\n\t<meta name=\"twitter:data1\" content=\"2\u00a0Minuten\" \/>\n<script type=\"application\/ld+json\" class=\"yoast-schema-graph\">{\"@context\":\"https:\\\/\\\/schema.org\",\"@graph\":[{\"@type\":\"WebPage\",\"@id\":\"https:\\\/\\\/gearfm.gay\\\/de\\\/events\\\/\",\"url\":\"https:\\\/\\\/gearfm.gay\\\/de\\\/events\\\/\",\"name\":\"Events - GearFM\",\"isPartOf\":{\"@id\":\"https:\\\/\\\/gearfm.gay\\\/#website\"},\"primaryImageOfPage\":{\"@id\":\"https:\\\/\\\/gearfm.gay\\\/de\\\/events\\\/#primaryimage\"},\"image\":{\"@id\":\"https:\\\/\\\/gearfm.gay\\\/de\\\/events\\\/#primaryimage\"},\"thumbnailUrl\":\"https:\\\/\\\/gearfm.gay\\\/wp-content\\\/uploads\\\/2025\\\/01\\\/Event-Header-3-Kinkfactory.png\",\"datePublished\":\"2024-07-07T16:22:15+00:00\",\"dateModified\":\"2025-08-20T13:46:11+00:00\",\"breadcrumb\":{\"@id\":\"https:\\\/\\\/gearfm.gay\\\/de\\\/events\\\/#breadcrumb\"},\"inLanguage\":\"de\",\"potentialAction\":[{\"@type\":\"ReadAction\",\"target\":[\"https:\\\/\\\/gearfm.gay\\\/de\\\/events\\\/\"]}]},{\"@type\":\"ImageObject\",\"inLanguage\":\"de\",\"@id\":\"https:\\\/\\\/gearfm.gay\\\/de\\\/events\\\/#primaryimage\",\"url\":\"https:\\\/\\\/gearfm.gay\\\/wp-content\\\/uploads\\\/2025\\\/01\\\/Event-Header-3-Kinkfactory.png\",\"contentUrl\":\"https:\\\/\\\/gearfm.gay\\\/wp-content\\\/uploads\\\/2025\\\/01\\\/Event-Header-3-Kinkfactory.png\"},{\"@type\":\"BreadcrumbList\",\"@id\":\"https:\\\/\\\/gearfm.gay\\\/de\\\/events\\\/#breadcrumb\",\"itemListElement\":[{\"@type\":\"ListItem\",\"position\":1,\"name\":\"Startseite\",\"item\":\"https:\\\/\\\/gearfm.gay\\\/\"},{\"@type\":\"ListItem\",\"position\":2,\"name\":\"Events\"}]},{\"@type\":\"WebSite\",\"@id\":\"https:\\\/\\\/gearfm.gay\\\/#website\",\"url\":\"https:\\\/\\\/gearfm.gay\\\/\",\"name\":\"GearFM\",\"description\":\"The Gearhead Radio\",\"publisher\":{\"@id\":\"https:\\\/\\\/gearfm.gay\\\/#organization\"},\"potentialAction\":[{\"@type\":\"SearchAction\",\"target\":{\"@type\":\"EntryPoint\",\"urlTemplate\":\"https:\\\/\\\/gearfm.gay\\\/?s={search_term_string}\"},\"query-input\":{\"@type\":\"PropertyValueSpecification\",\"valueRequired\":true,\"valueName\":\"search_term_string\"}}],\"inLanguage\":\"de\"},{\"@type\":\"Organization\",\"@id\":\"https:\\\/\\\/gearfm.gay\\\/#organization\",\"name\":\"GearFM\",\"url\":\"https:\\\/\\\/gearfm.gay\\\/\",\"logo\":{\"@type\":\"ImageObject\",\"inLanguage\":\"de\",\"@id\":\"https:\\\/\\\/gearfm.gay\\\/#\\\/schema\\\/logo\\\/image\\\/\",\"url\":\"https:\\\/\\\/gearfm.gay\\\/wp-content\\\/uploads\\\/2024\\\/07\\\/Element-3-4.png\",\"contentUrl\":\"https:\\\/\\\/gearfm.gay\\\/wp-content\\\/uploads\\\/2024\\\/07\\\/Element-3-4.png\",\"width\":2449,\"height\":1381,\"caption\":\"GearFM\"},\"image\":{\"@id\":\"https:\\\/\\\/gearfm.gay\\\/#\\\/schema\\\/logo\\\/image\\\/\"}}]}<\/script>\n<!-- \/ Yoast SEO plugin. -->","yoast_head_json":{"title":"Events - GearFM","robots":{"index":"index","follow":"follow","max-snippet":"max-snippet:-1","max-image-preview":"max-image-preview:large","max-video-preview":"max-video-preview:-1"},"canonical":"https:\/\/gearfm.gay\/de\/events\/","og_locale":"de_DE","og_type":"article","og_title":"Events - GearFM","og_description":"today 3 29 Nov. 2025 Proton Club KinkFactory XXL Mache Dich bereit f\u00fcr eine XXL Ausgabe der KinkFactory. Wir feiern anl\u00e4sslich des Maitreffen 2025 im Proton in Stuttgart. Einem der gr\u00f6\u00dften Clubs S\u00fcddeutschlands. Lerne neue Kinkster kennen, zeige dich als Puppy, Gearhead, Rubberdrohne oder Lederkerl. Triff den neuen Mr. Fetish [...]","og_url":"https:\/\/gearfm.gay\/de\/events\/","og_site_name":"GearFM","article_modified_time":"2025-08-20T13:46:11+00:00","og_image":[{"url":"https:\/\/gearfm.gay\/wp-content\/uploads\/2025\/01\/Event-Header-3-Kinkfactory.png","type":"","width":"","height":""}],"twitter_card":"summary_large_image","twitter_misc":{"Gesch\u00e4tzte Lesezeit":"2\u00a0Minuten"},"schema":{"@context":"https:\/\/schema.org","@graph":[{"@type":"WebPage","@id":"https:\/\/gearfm.gay\/de\/events\/","url":"https:\/\/gearfm.gay\/de\/events\/","name":"Events - GearFM","isPartOf":{"@id":"https:\/\/gearfm.gay\/#website"},"primaryImageOfPage":{"@id":"https:\/\/gearfm.gay\/de\/events\/#primaryimage"},"image":{"@id":"https:\/\/gearfm.gay\/de\/events\/#primaryimage"},"thumbnailUrl":"https:\/\/gearfm.gay\/wp-content\/uploads\/2025\/01\/Event-Header-3-Kinkfactory.png","datePublished":"2024-07-07T16:22:15+00:00","dateModified":"2025-08-20T13:46:11+00:00","breadcrumb":{"@id":"https:\/\/gearfm.gay\/de\/events\/#breadcrumb"},"inLanguage":"de","potentialAction":[{"@type":"ReadAction","target":["https:\/\/gearfm.gay\/de\/events\/"]}]},{"@type":"ImageObject","inLanguage":"de","@id":"https:\/\/gearfm.gay\/de\/events\/#primaryimage","url":"https:\/\/gearfm.gay\/wp-content\/uploads\/2025\/01\/Event-Header-3-Kinkfactory.png","contentUrl":"https:\/\/gearfm.gay\/wp-content\/uploads\/2025\/01\/Event-Header-3-Kinkfactory.png"},{"@type":"BreadcrumbList","@id":"https:\/\/gearfm.gay\/de\/events\/#breadcrumb","itemListElement":[{"@type":"ListItem","position":1,"name":"Startseite","item":"https:\/\/gearfm.gay\/"},{"@type":"ListItem","position":2,"name":"Events"}]},{"@type":"WebSite","@id":"https:\/\/gearfm.gay\/#website","url":"https:\/\/gearfm.gay\/","name":"GearFM","description":"The Gearhead Radio","publisher":{"@id":"https:\/\/gearfm.gay\/#organization"},"potentialAction":[{"@type":"SearchAction","target":{"@type":"EntryPoint","urlTemplate":"https:\/\/gearfm.gay\/?s={search_term_string}"},"query-input":{"@type":"PropertyValueSpecification","valueRequired":true,"valueName":"search_term_string"}}],"inLanguage":"de"},{"@type":"Organization","@id":"https:\/\/gearfm.gay\/#organization","name":"GearFM","url":"https:\/\/gearfm.gay\/","logo":{"@type":"ImageObject","inLanguage":"de","@id":"https:\/\/gearfm.gay\/#\/schema\/logo\/image\/","url":"https:\/\/gearfm.gay\/wp-content\/uploads\/2024\/07\/Element-3-4.png","contentUrl":"https:\/\/gearfm.gay\/wp-content\/uploads\/2024\/07\/Element-3-4.png","width":2449,"height":1381,"caption":"GearFM"},"image":{"@id":"https:\/\/gearfm.gay\/#\/schema\/logo\/image\/"}}]}},"_links":{"self":[{"href":"https:\/\/gearfm.gay\/de\/wp-json\/wp\/v2\/pages\/665","targetHints":{"allow":["GET"]}}],"collection":[{"href":"https:\/\/gearfm.gay\/de\/wp-json\/wp\/v2\/pages"}],"about":[{"href":"https:\/\/gearfm.gay\/de\/wp-json\/wp\/v2\/types\/page"}],"author":[{"embeddable":true,"href":"https:\/\/gearfm.gay\/de\/wp-json\/wp\/v2\/users\/1"}],"replies":[{"embeddable":true,"href":"https:\/\/gearfm.gay\/de\/wp-json\/wp\/v2\/comments?post=665"}],"version-history":[{"count":36,"href":"https:\/\/gearfm.gay\/de\/wp-json\/wp\/v2\/pages\/665\/revisions"}],"predecessor-version":[{"id":6229,"href":"https:\/\/gearfm.gay\/de\/wp-json\/wp\/v2\/pages\/665\/revisions\/6229"}],"wp:attachment":[{"href":"https:\/\/gearfm.gay\/de\/wp-json\/wp\/v2\/media?parent=665"}],"curies":[{"name":"wp","href":"https:\/\/api.w.org\/{rel}","templated":true}]}}