{"id":648,"date":"2024-07-04T13:18:03","date_gmt":"2024-07-04T11:18:03","guid":{"rendered":"http:\/\/gearfm.gay\/?page_id=648"},"modified":"2024-07-27T16:57:31","modified_gmt":"2024-07-27T14:57:31","slug":"vision","status":"publish","type":"page","link":"https:\/\/gearfm.gay\/de\/vision\/","title":{"rendered":"Die Vision"},"content":{"rendered":"<p>Ich stelle mir GearFM als eine Plattform vor, auf der Gearheads aus aller Welt zusammenkommen und sich \u00fcber ihre gemeinsame Liebe zu Musik, Gear und Events austauschen k\u00f6nnen. Ich sehe GearFM nicht nur als Radiosender, sondern auch als Community-Hub, wo Gearheads zusammenkommen, voneinander lernen und ihre Leidenschaft f\u00fcr Gear teilen k\u00f6nnen. Ich m\u00f6chte, dass GearFM ein Ort ist, an dem neue Gearheads lernen und wachsen k\u00f6nnen, indem erfahrene Gearheads ihr Wissen und ihre Erfahrungen teilen und an dem wir alle zusammenkommen k\u00f6nnen, um unsere gemeinsame Liebe zum Gearhead-Lifestyle zu feiern.<\/p>\n<p>Aber nichts davon kann ohne die Unterst\u00fctzung der Gemeinschaft geschehen. Ich brauche Gearheads, die sich f\u00fcr diese Vision begeistern und dabei helfen, GearFM Wirklichkeit werden zu lassen. Gemeinsam k\u00f6nnen wir GearFM zu einem festen Platz in der Gearhead-Community machen und einen Ort schaffen, an dem Gearheads aus allen Lebensbereichen zusammenkommen und unsere gemeinsame Leidenschaft f\u00fcr Musik, Gear und Events feiern k\u00f6nnen. Lasst uns GearFM zu einem Teil der Gearhead-Community machen und gemeinsam etwas wirklich Besonderes schaffen!<\/p>\n<p>Das ist meine Vision f\u00fcr GearFM -RGEMaster<\/p>\n","protected":false},"excerpt":{"rendered":"<p>Ich stelle mir GearFM als eine Plattform vor, auf der Gearheads aus aller Welt zusammenkommen und sich \u00fcber ihre gemeinsame Liebe zu Musik, Gear und Events austauschen k\u00f6nnen. Ich sehe GearFM nicht nur als Radiosender, sondern auch als Community-Hub, wo Gearheads zusammenkommen, voneinander lernen und ihre Leidenschaft f\u00fcr Gear teilen ...<\/p>\n","protected":false},"author":1,"featured_media":12,"parent":0,"menu_order":0,"comment_status":"closed","ping_status":"closed","template":"","meta":{"inline_featured_image":false,"footnotes":""},"class_list":["post-648","page","type-page","status-publish","has-post-thumbnail","hentry"],"yoast_head":"<!-- This site is optimized with the Yoast SEO plugin v27.4 - https:\/\/yoast.com\/product\/yoast-seo-wordpress\/ -->\n<title>Die Vision - GearFM<\/title>\n<meta name=\"robots\" content=\"index, follow, max-snippet:-1, max-image-preview:large, max-video-preview:-1\" \/>\n<link rel=\"canonical\" href=\"https:\/\/gearfm.gay\/de\/vision\/\" \/>\n<meta property=\"og:locale\" content=\"de_DE\" \/>\n<meta property=\"og:type\" content=\"article\" \/>\n<meta property=\"og:title\" content=\"Die Vision - GearFM\" \/>\n<meta property=\"og:description\" content=\"Ich stelle mir GearFM als eine Plattform vor, auf der Gearheads aus aller Welt zusammenkommen und sich \u00fcber ihre gemeinsame Liebe zu Musik, Gear und Events austauschen k\u00f6nnen. Ich sehe GearFM nicht nur als Radiosender, sondern auch als Community-Hub, wo Gearheads zusammenkommen, voneinander lernen und ihre Leidenschaft f\u00fcr Gear teilen [...]\" \/>\n<meta property=\"og:url\" content=\"https:\/\/gearfm.gay\/de\/vision\/\" \/>\n<meta property=\"og:site_name\" content=\"GearFM\" \/>\n<meta property=\"article:modified_time\" content=\"2024-07-27T14:57:31+00:00\" \/>\n<meta property=\"og:image\" content=\"https:\/\/gearfm.gay\/wp-content\/uploads\/2024\/01\/pexels-scott-webb-593158-scaled-1.jpg\" \/>\n\t<meta property=\"og:image:width\" content=\"2560\" \/>\n\t<meta property=\"og:image:height\" content=\"1829\" \/>\n\t<meta property=\"og:image:type\" content=\"image\/jpeg\" \/>\n<meta name=\"twitter:card\" content=\"summary_large_image\" \/>\n<meta name=\"twitter:label1\" content=\"Gesch\u00e4tzte Lesezeit\" \/>\n\t<meta name=\"twitter:data1\" content=\"1\u00a0Minute\" \/>\n<script type=\"application\/ld+json\" class=\"yoast-schema-graph\">{\"@context\":\"https:\\\/\\\/schema.org\",\"@graph\":[{\"@type\":\"WebPage\",\"@id\":\"https:\\\/\\\/gearfm.gay\\\/vision\\\/\",\"url\":\"https:\\\/\\\/gearfm.gay\\\/vision\\\/\",\"name\":\"Die Vision - GearFM\",\"isPartOf\":{\"@id\":\"https:\\\/\\\/gearfm.gay\\\/#website\"},\"primaryImageOfPage\":{\"@id\":\"https:\\\/\\\/gearfm.gay\\\/vision\\\/#primaryimage\"},\"image\":{\"@id\":\"https:\\\/\\\/gearfm.gay\\\/vision\\\/#primaryimage\"},\"thumbnailUrl\":\"https:\\\/\\\/gearfm.gay\\\/wp-content\\\/uploads\\\/2024\\\/01\\\/pexels-scott-webb-593158-scaled-1.jpg\",\"datePublished\":\"2024-07-04T11:18:03+00:00\",\"dateModified\":\"2024-07-27T14:57:31+00:00\",\"breadcrumb\":{\"@id\":\"https:\\\/\\\/gearfm.gay\\\/vision\\\/#breadcrumb\"},\"inLanguage\":\"de\",\"potentialAction\":[{\"@type\":\"ReadAction\",\"target\":[\"https:\\\/\\\/gearfm.gay\\\/vision\\\/\"]}]},{\"@type\":\"ImageObject\",\"inLanguage\":\"de\",\"@id\":\"https:\\\/\\\/gearfm.gay\\\/vision\\\/#primaryimage\",\"url\":\"https:\\\/\\\/gearfm.gay\\\/wp-content\\\/uploads\\\/2024\\\/01\\\/pexels-scott-webb-593158-scaled-1.jpg\",\"contentUrl\":\"https:\\\/\\\/gearfm.gay\\\/wp-content\\\/uploads\\\/2024\\\/01\\\/pexels-scott-webb-593158-scaled-1.jpg\",\"width\":2560,\"height\":1829},{\"@type\":\"BreadcrumbList\",\"@id\":\"https:\\\/\\\/gearfm.gay\\\/vision\\\/#breadcrumb\",\"itemListElement\":[{\"@type\":\"ListItem\",\"position\":1,\"name\":\"Startseite\",\"item\":\"https:\\\/\\\/gearfm.gay\\\/\"},{\"@type\":\"ListItem\",\"position\":2,\"name\":\"Die Vision\"}]},{\"@type\":\"WebSite\",\"@id\":\"https:\\\/\\\/gearfm.gay\\\/#website\",\"url\":\"https:\\\/\\\/gearfm.gay\\\/\",\"name\":\"GearFM\",\"description\":\"The Gearhead Radio\",\"publisher\":{\"@id\":\"https:\\\/\\\/gearfm.gay\\\/#organization\"},\"potentialAction\":[{\"@type\":\"SearchAction\",\"target\":{\"@type\":\"EntryPoint\",\"urlTemplate\":\"https:\\\/\\\/gearfm.gay\\\/?s={search_term_string}\"},\"query-input\":{\"@type\":\"PropertyValueSpecification\",\"valueRequired\":true,\"valueName\":\"search_term_string\"}}],\"inLanguage\":\"de\"},{\"@type\":\"Organization\",\"@id\":\"https:\\\/\\\/gearfm.gay\\\/#organization\",\"name\":\"GearFM\",\"url\":\"https:\\\/\\\/gearfm.gay\\\/\",\"logo\":{\"@type\":\"ImageObject\",\"inLanguage\":\"de\",\"@id\":\"https:\\\/\\\/gearfm.gay\\\/#\\\/schema\\\/logo\\\/image\\\/\",\"url\":\"https:\\\/\\\/gearfm.gay\\\/wp-content\\\/uploads\\\/2024\\\/07\\\/Element-3-4.png\",\"contentUrl\":\"https:\\\/\\\/gearfm.gay\\\/wp-content\\\/uploads\\\/2024\\\/07\\\/Element-3-4.png\",\"width\":2449,\"height\":1381,\"caption\":\"GearFM\"},\"image\":{\"@id\":\"https:\\\/\\\/gearfm.gay\\\/#\\\/schema\\\/logo\\\/image\\\/\"}}]}<\/script>\n<!-- \/ Yoast SEO plugin. -->","yoast_head_json":{"title":"Die Vision - GearFM","robots":{"index":"index","follow":"follow","max-snippet":"max-snippet:-1","max-image-preview":"max-image-preview:large","max-video-preview":"max-video-preview:-1"},"canonical":"https:\/\/gearfm.gay\/de\/vision\/","og_locale":"de_DE","og_type":"article","og_title":"Die Vision - GearFM","og_description":"Ich stelle mir GearFM als eine Plattform vor, auf der Gearheads aus aller Welt zusammenkommen und sich \u00fcber ihre gemeinsame Liebe zu Musik, Gear und Events austauschen k\u00f6nnen. Ich sehe GearFM nicht nur als Radiosender, sondern auch als Community-Hub, wo Gearheads zusammenkommen, voneinander lernen und ihre Leidenschaft f\u00fcr Gear teilen [...]","og_url":"https:\/\/gearfm.gay\/de\/vision\/","og_site_name":"GearFM","article_modified_time":"2024-07-27T14:57:31+00:00","og_image":[{"width":2560,"height":1829,"url":"https:\/\/gearfm.gay\/wp-content\/uploads\/2024\/01\/pexels-scott-webb-593158-scaled-1.jpg","type":"image\/jpeg"}],"twitter_card":"summary_large_image","twitter_misc":{"Gesch\u00e4tzte Lesezeit":"1\u00a0Minute"},"schema":{"@context":"https:\/\/schema.org","@graph":[{"@type":"WebPage","@id":"https:\/\/gearfm.gay\/vision\/","url":"https:\/\/gearfm.gay\/vision\/","name":"Die Vision - GearFM","isPartOf":{"@id":"https:\/\/gearfm.gay\/#website"},"primaryImageOfPage":{"@id":"https:\/\/gearfm.gay\/vision\/#primaryimage"},"image":{"@id":"https:\/\/gearfm.gay\/vision\/#primaryimage"},"thumbnailUrl":"https:\/\/gearfm.gay\/wp-content\/uploads\/2024\/01\/pexels-scott-webb-593158-scaled-1.jpg","datePublished":"2024-07-04T11:18:03+00:00","dateModified":"2024-07-27T14:57:31+00:00","breadcrumb":{"@id":"https:\/\/gearfm.gay\/vision\/#breadcrumb"},"inLanguage":"de","potentialAction":[{"@type":"ReadAction","target":["https:\/\/gearfm.gay\/vision\/"]}]},{"@type":"ImageObject","inLanguage":"de","@id":"https:\/\/gearfm.gay\/vision\/#primaryimage","url":"https:\/\/gearfm.gay\/wp-content\/uploads\/2024\/01\/pexels-scott-webb-593158-scaled-1.jpg","contentUrl":"https:\/\/gearfm.gay\/wp-content\/uploads\/2024\/01\/pexels-scott-webb-593158-scaled-1.jpg","width":2560,"height":1829},{"@type":"BreadcrumbList","@id":"https:\/\/gearfm.gay\/vision\/#breadcrumb","itemListElement":[{"@type":"ListItem","position":1,"name":"Startseite","item":"https:\/\/gearfm.gay\/"},{"@type":"ListItem","position":2,"name":"Die Vision"}]},{"@type":"WebSite","@id":"https:\/\/gearfm.gay\/#website","url":"https:\/\/gearfm.gay\/","name":"GearFM","description":"The Gearhead Radio","publisher":{"@id":"https:\/\/gearfm.gay\/#organization"},"potentialAction":[{"@type":"SearchAction","target":{"@type":"EntryPoint","urlTemplate":"https:\/\/gearfm.gay\/?s={search_term_string}"},"query-input":{"@type":"PropertyValueSpecification","valueRequired":true,"valueName":"search_term_string"}}],"inLanguage":"de"},{"@type":"Organization","@id":"https:\/\/gearfm.gay\/#organization","name":"GearFM","url":"https:\/\/gearfm.gay\/","logo":{"@type":"ImageObject","inLanguage":"de","@id":"https:\/\/gearfm.gay\/#\/schema\/logo\/image\/","url":"https:\/\/gearfm.gay\/wp-content\/uploads\/2024\/07\/Element-3-4.png","contentUrl":"https:\/\/gearfm.gay\/wp-content\/uploads\/2024\/07\/Element-3-4.png","width":2449,"height":1381,"caption":"GearFM"},"image":{"@id":"https:\/\/gearfm.gay\/#\/schema\/logo\/image\/"}}]}},"_links":{"self":[{"href":"https:\/\/gearfm.gay\/de\/wp-json\/wp\/v2\/pages\/648","targetHints":{"allow":["GET"]}}],"collection":[{"href":"https:\/\/gearfm.gay\/de\/wp-json\/wp\/v2\/pages"}],"about":[{"href":"https:\/\/gearfm.gay\/de\/wp-json\/wp\/v2\/types\/page"}],"author":[{"embeddable":true,"href":"https:\/\/gearfm.gay\/de\/wp-json\/wp\/v2\/users\/1"}],"replies":[{"embeddable":true,"href":"https:\/\/gearfm.gay\/de\/wp-json\/wp\/v2\/comments?post=648"}],"version-history":[{"count":0,"href":"https:\/\/gearfm.gay\/de\/wp-json\/wp\/v2\/pages\/648\/revisions"}],"wp:featuredmedia":[{"embeddable":true,"href":"https:\/\/gearfm.gay\/de\/wp-json\/wp\/v2\/media\/12"}],"wp:attachment":[{"href":"https:\/\/gearfm.gay\/de\/wp-json\/wp\/v2\/media?parent=648"}],"curies":[{"name":"wp","href":"https:\/\/api.w.org\/{rel}","templated":true}]}}