{"id":4101,"date":"2024-12-21T12:18:09","date_gmt":"2024-12-21T11:18:09","guid":{"rendered":"https:\/\/gearfm.gay\/?page_id=4101"},"modified":"2024-12-21T13:15:06","modified_gmt":"2024-12-21T12:15:06","slug":"general-terms-of-participation","status":"publish","type":"page","link":"https:\/\/gearfm.gay\/de\/general-terms-of-participation\/","title":{"rendered":"Allgemeine Teilnahmegedingungen GearFM"},"content":{"rendered":"<p><span style=\"font-family: titillium-web;\">Sofern es f\u00fcr eine Gewinnaktion auf GearFM keine gesonderten Teilnahmebedingungen gibt, gelten f\u00fcr die Teilnahme folgende Bedingungen.<\/span><\/p>\n<p><span style=\"font-family: titillium-web;\"><strong>1. Aktionsdauer und Aktionszeiten<\/strong><\/span><\/p>\n<p><span style=\"font-family: titillium-web;\">GearFM kann Aktionen individuell und zu beliebigen Zeiten ank\u00fcndigen und beenden.<\/span><\/p>\n<p><span style=\"font-family: titillium-web;\"><strong>2. Modus<\/strong><\/span><\/p>\n<p><span style=\"font-family: titillium-web;\">Es gilt der von GearFM angek\u00fcndigte Spielmodus. Das Gewinnspiel wird dabei im Radioprogramm und\/oder online auf der Webseite bzw. App und\/oder auf der Facebook-Fanseite von GearFM ausgerufen. Bei Telefon- oder Sprachnachrichtgewinnspielen gilt das Zufallsprinzip f\u00fcr die Auswahl der Teilnehmer. Bei anderen Modi entscheidet grunds\u00e4tzlich das Los (Ausnahme: explizit angegebene, davon abweichende Teilnahmemechanismen, z.B. Voting).<\/span><\/p>\n<p><span style=\"font-family: titillium-web;\"><strong>3. Gewinnspiele auf Social-Media-Kan\u00e4len<\/strong><\/span><\/p>\n<p><span style=\"font-family: titillium-web;\">Bei s\u00e4mtlichen Gewinnspielen auf Facebook und Instagram gilt immer: Die Aktionen stehen in keiner Verbindung zur jeweiligen Seite und werden in keinem Fall von Facebook &amp; Instagram etc. gesponsert, unterst\u00fctzt oder organisiert.<\/span><\/p>\n<p><span style=\"font-family: titillium-web;\"><strong>4. Gewinn<\/strong><\/span><\/p>\n<p><span style=\"font-family: titillium-web;\"><strong>4.1 Gewinner<\/strong><\/span><\/p>\n<p><span style=\"font-family: titillium-web;\">Bei via Teilnahmeformular durchgef\u00fchrten Aktionen werden nur bei GearFM eingegangene Anmeldungen ber\u00fccksichtigt, die Name, Vorname, Adresse und Kontaktdaten vollst\u00e4ndig wiedergeben. Bei Teilnahme am Telefon nimmt der Moderator oder ein anderer Mitarbeiter von GearFM die notwendigen Kontaktdaten auf. Bei Teilnahme \u00fcber Telegram nimmt GearFM die \u00dcbertragenen Daten auf. Werden Sprachnachrichten gesendet, so erkl\u00e4rt sich der Teilnehmer damit einverstanden, dass diese im Fall eines Gewinnes sowohl im Programm als auch in den sozialen Netzwerken von GearFM genutzt werden d\u00fcrfen. Gewinner werden von GearFM in der Regel per Telegram, per E-Mail oder telefonisch, benachrichtigt. Reagiert der Gewinner nicht innerhalb von maximal 14 Tagen auf die Benachrichtigung, verf\u00e4llt der Gewinnanspruch.<\/span><\/p>\n<p><span style=\"font-family: titillium-web;\"><strong>4.2 Gewinn\u00fcbergabe und Gewinnabwicklung<\/strong><\/span><\/p>\n<p><span style=\"font-family: titillium-web;\">Sachgewinne werden von GearFM, sobald verf\u00fcgbar, per Post verschickt. Geldgewinne werden von GearFM nach Beendigung des Gewinnspiels auf ein vom Gewinner angegebenes Konto \u00fcberwiesen (i.d.R. innerhalb von 4 Wochen). Bei pers\u00f6nlicher Abholung bei GearFM muss der Gewinner ein g\u00fcltiges Ausweisdokument vorlegen. Bei Abholung von Dritten ist ein g\u00fcltiges Ausweisdokument und zus\u00e4tzlich eine unterschriebene Vollmacht erforderlich. Bei unvorhergesehenen St\u00f6rungen im Abwicklungsablauf \u00fcbernimmt GearFM keine Haftung. Sofern f\u00fcr die notwendige Gewinnabwicklung personalisiere Gewinne wie G\u00e4stelisten-Pl\u00e4tze, Reisegutscheine oder andere nicht-physische Preise durch einen Partner im Namen von GearFM \u00fcbergeben werden, erfolgt die relevante Datenweitergabe wie Name und E-Mail-Adresse durch GearFM an den berechtigten Dritten im Rahmen der Gewinnabwicklung.<\/span><\/p>\n<p><span style=\"font-family: titillium-web;\"><strong>4.3 Gewinn<\/strong><\/span><\/p>\n<p><span style=\"font-family: titillium-web;\">Grunds\u00e4tzlich wird GearFM mit \u00dcbergabe des Gewinns von allen Verpflichtungen frei, soweit keine zwingende gesetzliche Haftung besteht.<\/span><\/p>\n<p><span style=\"font-family: titillium-web;\">Gewinne sind grunds\u00e4tzlich nicht auf Dritte \u00fcbertragbar, es sei denn, GearFM stimmt hier ausnahmsweise schriftlich zu. Der Weiterverkauf oder \u00dcbertragung an Dritte ist nicht erlaubt.<\/span><\/p>\n<p><span style=\"font-family: titillium-web;\">S\u00e4mtliche mit dem Gewinn ggf. einhergehenden Folge- und Nebenkosten sind vom Gewinner zu tragen. GearFM \u00fcbernimmt keinerlei Gew\u00e4hr-, Sachmangel- oder Garantieleistungen. Eine Barauszahlung von Gewinnen oder Austausch von Sachleistungen, insbesondere ohne Nachweis, ist nicht m\u00f6glich. Ebenso wenig eine \u00dcbertragung oder Abtretung auf Dritte.<\/span><\/p>\n<p><span style=\"font-family: titillium-web;\">Die Gewinner von Eintrittskarten sind nicht zum Umtausch, zum Verkauf oder zur Weitergabe der gewonnenen Eintrittskarten berechtigt. Sollte die entsprechende (konkrete) Veranstaltung, deren Besuch die Eintrittskarte erm\u00f6glicht, aus welchen Gr\u00fcnden auch immer (insbesondere im Falle der Absage bzw. Verlegung) nicht (zu dem urspr\u00fcnglich geplanten Termin) nicht stattfinden, entf\u00e4llt der Gewinn. Somit besteht kein Anspruch auf Eintrittskarten im Falle einer Ersatzveranstaltung bzw. eines Ersatztermins. Keinesfalls ist ein Ersatz gegen den Barwert m\u00f6glich. Bei Abholung der Tickets muss der Ausweis vorgezeigt werden. Es k\u00f6nnen die Tickets nur jenen Personen ausgeh\u00e4ndigt werden, die auch namentlich gewonnen haben.<\/span><\/p>\n<p><span style=\"font-family: titillium-web;\">Bei Reisegewinnen erfolgt die Abwicklung \u00fcber einen Reiseveranstalter, der alleiniger Veranstalter der Reise ist. Die Reise muss zu den vom Reiseveranstalter festgesetzten Terminen und Nutzungsbedingungen durchgef\u00fchrt werden. Wird dies nicht befolgt, besteht kein Anspruch auf den Gewinn mehr. Mit Best\u00e4tigung der Reise unterliegt der Gewinner den Reisebedingungen des Veranstalters. Die An- und Abreise zum Ausgangspunkt der Reise (Flughafen, Bahnhof, etc.) hat der Gewinner zu tragen. Des Weiteren tr\u00e4gt er auch s\u00e4mtliche mit der Reise einhergehenden Kosten (Minibar, Telefon, etc.), die w\u00e4hrend der Reise entstehen.<\/span><\/p>\n<p><span style=\"font-family: titillium-web;\"><strong>5. Teilnahmeberechtigung:<\/strong><\/span><\/p>\n<p><span style=\"font-family: titillium-web;\">Teilnehmer, die das 18. Lebensjahr nicht vollendet haben, bed\u00fcrfen zu ihrer Teilnahme der Einwilligung der Erziehungsberechtigten. Von der Teilnahme ausgenommen sind Mitarbeiter der Landesmedienanstalten und alle Mitwirkenden, Vereinsmitglieder und Berater von GearFM sowie der mit GearFM verbundenen Unternehmen (gem. \u00a7 15 Aktiengesetz). Dies gilt ebenso f\u00fcr die Familienangeh\u00f6rigen und\/oder Lebenspartner der genannten Personen.<\/span><\/p>\n<p><span style=\"font-family: titillium-web;\"><strong>6. Ausschluss von der Teilnahme:<\/strong><\/span><\/p>\n<p><span style=\"font-family: titillium-web;\">GearFM ist berechtigt, Teilnehmer bei Versto\u00df gegen diese Teilnahmebedingungen oder bei Verdacht der Manipulation von der Teilnahme oder vom Gewinn auszuschlie\u00dfen. Darunter fallen z. B. Versuche, den Teilnahmevorgang zu beeinflussen, etwa durch St\u00f6rung des Ablaufs, durch Bel\u00e4stigung oder Bedrohung von Mitarbeitern oder anderer Teilnehmer. Liegen die Voraussetzungen f\u00fcr einen Teilnahmeausschluss vor, so ist GearFM auch berechtigt, bereits gew\u00e4hrte Gewinne zur\u00fcckzufordern.<\/span><\/p>\n<p><span style=\"font-family: titillium-web;\"><strong>7. Einverst\u00e4ndniserkl\u00e4rung:<\/strong><\/span><\/p>\n<p><span style=\"font-family: titillium-web;\">Mit der Teilnahme (z.B. per Telefon, Sprachnachricht oder via Online-Formular) erkl\u00e4ren sich alle Teilnehmer damit einverstanden, dass ihre Namen bei der Durchf\u00fchrung der Aktion im Programm von GearFM genannt werden. Absender von Sprachnachrichten erkl\u00e4ren au\u00dferdem ihr Einverst\u00e4ndnis zur ein- oder mehrmaligen Ausstrahlung und der Nennung ihres Namens im Programm von GearFM. Anrufer auf der Hotline erkl\u00e4ren zudem ihr Einverst\u00e4ndnis mit der Aufzeichnung des mit ihnen gef\u00fchrten Telefonats und zur ein- oder mehrmaligen Ausstrahlung der Aufzeichnung und der Nennung ihres Namens im Programm von GearFM. Dabei ist der Teilnehmer auch mit einer eventuellen Nutzung zu Eigenwerbezwecken von GearFM einverstanden. F\u00fcr den Fall eines Gewinns erkl\u00e4rt der Teilnehmer ebenso sein Einverst\u00e4ndnis damit, dass sein Name und ggf. ein bereitgestelltes Foto auf den digitalen Kan\u00e4len von GearFM (z.B. Webseite, Facebook) ver\u00f6ffentlicht und f\u00fcr Pressezwecke an Dritte zur Verf\u00fcgung gestellt werden.<\/span><\/p>\n<p><span style=\"font-family: titillium-web;\"><strong>8. Interviews\/Bild- und Filmmaterial:<\/strong><\/span><\/p>\n<p><span style=\"font-family: titillium-web;\">Teilnehmer im Allgemeinen und Gewinner im Besonderen erkl\u00e4ren ihre grunds\u00e4tzliche Bereitschaft, auf Interviewanfragen von GearFM oder anderer Medien im Zusammenhang mit der Aktion und im Falle des Gewinns seinem Gewinn einzugehen und an der Herstellung von Bild- und Filmmaterial mitzuwirken (z. B. \u00f6ffentliche Preis\u00fcbergabe, Fototermin).<\/span><\/p>\n<p><span style=\"font-family: titillium-web;\"><strong>9. Ausschluss des Rechtswegs:<\/strong><\/span><\/p>\n<p><span style=\"font-family: titillium-web;\">GearFM gew\u00e4hrt den Gewinn nur, wenn der Gewinner alle Voraussetzungen dieser Teilnahmebedingungen erf\u00fcllt. Der Rechtsweg ist f\u00fcr die Durchf\u00fchrung der Aktion, die Gewinnentscheidung und auch die Gew\u00e4hrung des Gewinns ausgeschlossen.<\/span><\/p>\n<p><span style=\"font-family: titillium-web;\"><strong>10. Datenschutz<\/strong><\/span><\/p>\n<p><span style=\"font-family: titillium-web;\">Die Daten, die die Teilnehmer im Rahmen einer Aktion \u00fcbermitteln, werden von GearFM ausschlie\u00dflich f\u00fcr die Durchf\u00fchrung der Aktion genutzt. Es sei denn, der Teilnehmer hat seine Einwilligung zur weitergehenden, insbesondere werblichen Nutzung seiner Daten erteilt. Sofern im Rahmen einer Gewinnabwicklung Dritte wie Partner-Unternehmen eingebunden werden m\u00fcssen (z.B. G\u00e4stelisten-Pl\u00e4tze bei Konzerten), erfolgt eine ausschlie\u00dflich zur Abwicklung notwendige Datenweitergabe. Die Datenl\u00f6schung erfolgt unmittelbar nach Beendigung des Zwecks durch den Partner. Weitergehende Ma\u00dfnahmen wie Werbezwecke sind ausdr\u00fccklich untersagt. Ausf\u00fchrliche Informationen zum Datenschutz befinden sich <a href=\"https:\/\/gearfm.gay\/privacy-policy\/\">hier<\/a>.<\/span><\/p>\n<p><span style=\"font-family: titillium-web;\"><strong>11. Haftungsausschluss:<\/strong><\/span><\/p>\n<p><span style=\"font-family: titillium-web;\">GearFM ist stets bem\u00fcht, in technisch einwandfreier Qualit\u00e4t zu senden und korrekte Aussagen im Programm zu machen. GearFM haftet jedoch nicht f\u00fcr Fehlaussagen oder technisch bedingte Fehler im Zusammenhang mit der Gewinnentscheidung.<\/span><br \/>\n<span style=\"font-family: titillium-web;\">GearFM weist darauf hin, dass GearFM keine Gew\u00e4hr f\u00fcr die problemlose Nutzung des Telefonnetzes, der Messenger-Apps sowie des Internets \u00fcbernehmen kann. Eventuelle Einschr\u00e4nkungen gehen zulasten des Teilnehmers.<\/span><\/p>\n","protected":false},"excerpt":{"rendered":"<p>Sofern es f\u00fcr eine Gewinnaktion auf GearFM keine gesonderten Teilnahmebedingungen gibt, gelten f\u00fcr die Teilnahme folgende Bedingungen. 1. Aktionsdauer und Aktionszeiten GearFM kann Aktionen individuell und zu beliebigen Zeiten ank\u00fcndigen und beenden. 2. Modus Es gilt der von GearFM angek\u00fcndigte Spielmodus. Das Gewinnspiel wird dabei im Radioprogramm und\/oder online auf ...<\/p>\n","protected":false},"author":1,"featured_media":0,"parent":0,"menu_order":0,"comment_status":"closed","ping_status":"closed","template":"","meta":{"inline_featured_image":false,"footnotes":""},"class_list":["post-4101","page","type-page","status-publish","hentry"],"yoast_head":"<!-- This site is optimized with the Yoast SEO plugin v27.3 - https:\/\/yoast.com\/product\/yoast-seo-wordpress\/ -->\n<title>Allgemeine Teilnahmegedingungen GearFM - GearFM<\/title>\n<meta name=\"robots\" content=\"index, follow, max-snippet:-1, max-image-preview:large, max-video-preview:-1\" \/>\n<link rel=\"canonical\" href=\"https:\/\/gearfm.gay\/de\/general-terms-of-participation\/\" \/>\n<meta property=\"og:locale\" content=\"de_DE\" \/>\n<meta property=\"og:type\" content=\"article\" \/>\n<meta property=\"og:title\" content=\"Allgemeine Teilnahmegedingungen GearFM - GearFM\" \/>\n<meta property=\"og:description\" content=\"Sofern es f\u00fcr eine Gewinnaktion auf GearFM keine gesonderten Teilnahmebedingungen gibt, gelten f\u00fcr die Teilnahme folgende Bedingungen. 1. Aktionsdauer und Aktionszeiten GearFM kann Aktionen individuell und zu beliebigen Zeiten ank\u00fcndigen und beenden. 2. Modus Es gilt der von GearFM angek\u00fcndigte Spielmodus. Das Gewinnspiel wird dabei im Radioprogramm und\/oder online auf [...]\" \/>\n<meta property=\"og:url\" content=\"https:\/\/gearfm.gay\/de\/general-terms-of-participation\/\" \/>\n<meta property=\"og:site_name\" content=\"GearFM\" \/>\n<meta property=\"article:modified_time\" content=\"2024-12-21T12:15:06+00:00\" \/>\n<meta name=\"twitter:card\" content=\"summary_large_image\" \/>\n<meta name=\"twitter:label1\" content=\"Gesch\u00e4tzte Lesezeit\" \/>\n\t<meta name=\"twitter:data1\" content=\"7\u00a0Minuten\" \/>\n<script type=\"application\/ld+json\" class=\"yoast-schema-graph\">{\"@context\":\"https:\\\/\\\/schema.org\",\"@graph\":[{\"@type\":\"WebPage\",\"@id\":\"https:\\\/\\\/gearfm.gay\\\/general-terms-of-participation\\\/\",\"url\":\"https:\\\/\\\/gearfm.gay\\\/general-terms-of-participation\\\/\",\"name\":\"Allgemeine Teilnahmegedingungen GearFM - GearFM\",\"isPartOf\":{\"@id\":\"https:\\\/\\\/gearfm.gay\\\/#website\"},\"datePublished\":\"2024-12-21T11:18:09+00:00\",\"dateModified\":\"2024-12-21T12:15:06+00:00\",\"breadcrumb\":{\"@id\":\"https:\\\/\\\/gearfm.gay\\\/general-terms-of-participation\\\/#breadcrumb\"},\"inLanguage\":\"de\",\"potentialAction\":[{\"@type\":\"ReadAction\",\"target\":[\"https:\\\/\\\/gearfm.gay\\\/general-terms-of-participation\\\/\"]}]},{\"@type\":\"BreadcrumbList\",\"@id\":\"https:\\\/\\\/gearfm.gay\\\/general-terms-of-participation\\\/#breadcrumb\",\"itemListElement\":[{\"@type\":\"ListItem\",\"position\":1,\"name\":\"Startseite\",\"item\":\"https:\\\/\\\/gearfm.gay\\\/\"},{\"@type\":\"ListItem\",\"position\":2,\"name\":\"Allgemeine Teilnahmegedingungen GearFM\"}]},{\"@type\":\"WebSite\",\"@id\":\"https:\\\/\\\/gearfm.gay\\\/#website\",\"url\":\"https:\\\/\\\/gearfm.gay\\\/\",\"name\":\"GearFM\",\"description\":\"The Gearhead Radio\",\"publisher\":{\"@id\":\"https:\\\/\\\/gearfm.gay\\\/#organization\"},\"potentialAction\":[{\"@type\":\"SearchAction\",\"target\":{\"@type\":\"EntryPoint\",\"urlTemplate\":\"https:\\\/\\\/gearfm.gay\\\/?s={search_term_string}\"},\"query-input\":{\"@type\":\"PropertyValueSpecification\",\"valueRequired\":true,\"valueName\":\"search_term_string\"}}],\"inLanguage\":\"de\"},{\"@type\":\"Organization\",\"@id\":\"https:\\\/\\\/gearfm.gay\\\/#organization\",\"name\":\"GearFM\",\"url\":\"https:\\\/\\\/gearfm.gay\\\/\",\"logo\":{\"@type\":\"ImageObject\",\"inLanguage\":\"de\",\"@id\":\"https:\\\/\\\/gearfm.gay\\\/#\\\/schema\\\/logo\\\/image\\\/\",\"url\":\"https:\\\/\\\/gearfm.gay\\\/wp-content\\\/uploads\\\/2024\\\/07\\\/Element-3-4.png\",\"contentUrl\":\"https:\\\/\\\/gearfm.gay\\\/wp-content\\\/uploads\\\/2024\\\/07\\\/Element-3-4.png\",\"width\":2449,\"height\":1381,\"caption\":\"GearFM\"},\"image\":{\"@id\":\"https:\\\/\\\/gearfm.gay\\\/#\\\/schema\\\/logo\\\/image\\\/\"}}]}<\/script>\n<!-- \/ Yoast SEO plugin. -->","yoast_head_json":{"title":"Allgemeine Teilnahmegedingungen GearFM - GearFM","robots":{"index":"index","follow":"follow","max-snippet":"max-snippet:-1","max-image-preview":"max-image-preview:large","max-video-preview":"max-video-preview:-1"},"canonical":"https:\/\/gearfm.gay\/de\/general-terms-of-participation\/","og_locale":"de_DE","og_type":"article","og_title":"Allgemeine Teilnahmegedingungen GearFM - GearFM","og_description":"Sofern es f\u00fcr eine Gewinnaktion auf GearFM keine gesonderten Teilnahmebedingungen gibt, gelten f\u00fcr die Teilnahme folgende Bedingungen. 1. Aktionsdauer und Aktionszeiten GearFM kann Aktionen individuell und zu beliebigen Zeiten ank\u00fcndigen und beenden. 2. Modus Es gilt der von GearFM angek\u00fcndigte Spielmodus. Das Gewinnspiel wird dabei im Radioprogramm und\/oder online auf [...]","og_url":"https:\/\/gearfm.gay\/de\/general-terms-of-participation\/","og_site_name":"GearFM","article_modified_time":"2024-12-21T12:15:06+00:00","twitter_card":"summary_large_image","twitter_misc":{"Gesch\u00e4tzte Lesezeit":"7\u00a0Minuten"},"schema":{"@context":"https:\/\/schema.org","@graph":[{"@type":"WebPage","@id":"https:\/\/gearfm.gay\/general-terms-of-participation\/","url":"https:\/\/gearfm.gay\/general-terms-of-participation\/","name":"Allgemeine Teilnahmegedingungen GearFM - GearFM","isPartOf":{"@id":"https:\/\/gearfm.gay\/#website"},"datePublished":"2024-12-21T11:18:09+00:00","dateModified":"2024-12-21T12:15:06+00:00","breadcrumb":{"@id":"https:\/\/gearfm.gay\/general-terms-of-participation\/#breadcrumb"},"inLanguage":"de","potentialAction":[{"@type":"ReadAction","target":["https:\/\/gearfm.gay\/general-terms-of-participation\/"]}]},{"@type":"BreadcrumbList","@id":"https:\/\/gearfm.gay\/general-terms-of-participation\/#breadcrumb","itemListElement":[{"@type":"ListItem","position":1,"name":"Startseite","item":"https:\/\/gearfm.gay\/"},{"@type":"ListItem","position":2,"name":"Allgemeine Teilnahmegedingungen GearFM"}]},{"@type":"WebSite","@id":"https:\/\/gearfm.gay\/#website","url":"https:\/\/gearfm.gay\/","name":"GearFM","description":"The Gearhead Radio","publisher":{"@id":"https:\/\/gearfm.gay\/#organization"},"potentialAction":[{"@type":"SearchAction","target":{"@type":"EntryPoint","urlTemplate":"https:\/\/gearfm.gay\/?s={search_term_string}"},"query-input":{"@type":"PropertyValueSpecification","valueRequired":true,"valueName":"search_term_string"}}],"inLanguage":"de"},{"@type":"Organization","@id":"https:\/\/gearfm.gay\/#organization","name":"GearFM","url":"https:\/\/gearfm.gay\/","logo":{"@type":"ImageObject","inLanguage":"de","@id":"https:\/\/gearfm.gay\/#\/schema\/logo\/image\/","url":"https:\/\/gearfm.gay\/wp-content\/uploads\/2024\/07\/Element-3-4.png","contentUrl":"https:\/\/gearfm.gay\/wp-content\/uploads\/2024\/07\/Element-3-4.png","width":2449,"height":1381,"caption":"GearFM"},"image":{"@id":"https:\/\/gearfm.gay\/#\/schema\/logo\/image\/"}}]}},"_links":{"self":[{"href":"https:\/\/gearfm.gay\/de\/wp-json\/wp\/v2\/pages\/4101","targetHints":{"allow":["GET"]}}],"collection":[{"href":"https:\/\/gearfm.gay\/de\/wp-json\/wp\/v2\/pages"}],"about":[{"href":"https:\/\/gearfm.gay\/de\/wp-json\/wp\/v2\/types\/page"}],"author":[{"embeddable":true,"href":"https:\/\/gearfm.gay\/de\/wp-json\/wp\/v2\/users\/1"}],"replies":[{"embeddable":true,"href":"https:\/\/gearfm.gay\/de\/wp-json\/wp\/v2\/comments?post=4101"}],"version-history":[{"count":7,"href":"https:\/\/gearfm.gay\/de\/wp-json\/wp\/v2\/pages\/4101\/revisions"}],"predecessor-version":[{"id":4112,"href":"https:\/\/gearfm.gay\/de\/wp-json\/wp\/v2\/pages\/4101\/revisions\/4112"}],"wp:attachment":[{"href":"https:\/\/gearfm.gay\/de\/wp-json\/wp\/v2\/media?parent=4101"}],"curies":[{"name":"wp","href":"https:\/\/api.w.org\/{rel}","templated":true}]}}